{"id":5980,"date":"2022-09-19T17:50:32","date_gmt":"2022-09-19T15:50:32","guid":{"rendered":"https:\/\/atlanticwatches.ch\/?post_type=product&#038;p=5980"},"modified":"2025-04-17T10:14:25","modified_gmt":"2025-04-17T08:14:25","slug":"worldmaster-manufakturkaliber-mit-handaufzug-schwarz","status":"publish","type":"product","link":"https:\/\/atlanticwatches.ch\/de\/shop\/herren-uhren\/worldmaster-de\/manufakturkaliber\/worldmaster-manufakturkaliber-mit-handaufzug-schwarz\/","title":{"rendered":"Worldmaster Mechanische Manufaktur Kaliber ATL-2 | Schwarz"},"content":{"rendered":"<p><strong>Entdecken Sie die atemberaubende neue Worldmaster mit dem neuen mechanischen Manufakturkaliber ATL-2.<\/strong><\/p>\n<p>Dieses neue Modell ist mit dem neuen hauseigenen Uhrwerk Atlantic ausgestattet, das nach den h\u00f6chsten Standards der Uhrmachertradition entwickelt wurde. Das mechanische Manufakturkaliber ATL-2 wurde mit viel Liebe zum Detail entwickelt und kann durch den durchsichtigen Geh\u00e4useboden in voller Gr\u00f6\u00dfe bewundert werden. <\/p>\n<p>Das Geh\u00e4use besteht aus hochwertigem Edelstahl und ist bis zu 50 Meter\/5 bar wasserdicht. Das ausgesprochen moderne Design mit einem Hauch von Vintage wird durch das sch\u00f6ne Zifferblatt mit kleiner Sekundenanzeige und das doppelt gew\u00f6lbte Saphirglas unterstrichen. <\/p>\n<p>Erh\u00e4ltlich in drei verschiedenen Stilen. Entdecken Sie jetzt die gesamte Kollektion. <\/p>\n<hr>\n<p><a href=\"https:\/\/atlanticwatches.ch\/de\/produkt-kategorie\/herren-uhren\/worldmaster-de\/manufakturkaliber\/\"><img loading=\"lazy\" decoding=\"async\" class=\"aligncenter wp-image-6388 size-large\" src=\"https:\/\/atlanticwatches.ch\/wp-content\/uploads\/2022\/09\/52952.41.93-52952.41.63-52952.41.73-1024x682.jpg\" alt=\"\" width=\"1024\" height=\"682\" srcset=\"https:\/\/atlanticwatches.ch\/wp-content\/uploads\/2022\/09\/52952.41.93-52952.41.63-52952.41.73-1024x682.jpg 1024w, https:\/\/atlanticwatches.ch\/wp-content\/uploads\/2022\/09\/52952.41.93-52952.41.63-52952.41.73-600x400.jpg 600w, https:\/\/atlanticwatches.ch\/wp-content\/uploads\/2022\/09\/52952.41.93-52952.41.63-52952.41.73-768x512.jpg 768w, https:\/\/atlanticwatches.ch\/wp-content\/uploads\/2022\/09\/52952.41.93-52952.41.63-52952.41.73-640x426.jpg 640w, https:\/\/atlanticwatches.ch\/wp-content\/uploads\/2022\/09\/52952.41.93-52952.41.63-52952.41.73-400x267.jpg 400w\" sizes=\"auto, (max-width: 1024px) 100vw, 1024px\" \/><\/a><\/p>\n","protected":false},"excerpt":{"rendered":"<p><strong>Mechanische Manufaktur Kaliber ATL-2<\/strong><\/p>\n<p>Dieses neue Modell ist mit dem neuen Atlantic-Uhrwerk ausgestattet, das nach den h\u00f6chsten Standards der Uhrmachertradition entwickelt wurde.<\/p>\n<p>Das mechanische Manufakturkaliber ATL-2 wurde mit viel Liebe zum Detail gefertigt und kann durch den durchsichtigen Geh\u00e4useboden in voller Gr\u00f6\u00dfe betrachtet und bewundert werden.<\/p>\n<p>Erh\u00e4ltlich in drei verschiedenen Stilen. Entdecken Sie jetzt die gesamte Kollektion. <\/p>\n","protected":false},"featured_media":11430,"template":"","meta":[],"product_brand":[],"product_cat":[409,428,893,865,410],"product_tag":[],"class_list":{"0":"post-5980","1":"product","2":"type-product","3":"status-publish","4":"has-post-thumbnail","6":"product_cat-herren-uhren","7":"product_cat-worldmaster-de","8":"product_cat-manufakturkaliber","9":"product_cat-handaufzug-mechanische-uhren","10":"product_cat-inspiration-fur-sie","12":"first","13":"instock","14":"shipping-taxable","15":"purchasable","16":"product-type-simple"},"_links":{"self":[{"href":"https:\/\/atlanticwatches.ch\/de\/wp-json\/wp\/v2\/product\/5980","targetHints":{"allow":["GET"]}}],"collection":[{"href":"https:\/\/atlanticwatches.ch\/de\/wp-json\/wp\/v2\/product"}],"about":[{"href":"https:\/\/atlanticwatches.ch\/de\/wp-json\/wp\/v2\/types\/product"}],"wp:featuredmedia":[{"embeddable":true,"href":"https:\/\/atlanticwatches.ch\/de\/wp-json\/wp\/v2\/media\/11430"}],"wp:attachment":[{"href":"https:\/\/atlanticwatches.ch\/de\/wp-json\/wp\/v2\/media?parent=5980"}],"wp:term":[{"taxonomy":"product_brand","embeddable":true,"href":"https:\/\/atlanticwatches.ch\/de\/wp-json\/wp\/v2\/product_brand?post=5980"},{"taxonomy":"product_cat","embeddable":true,"href":"https:\/\/atlanticwatches.ch\/de\/wp-json\/wp\/v2\/product_cat?post=5980"},{"taxonomy":"product_tag","embeddable":true,"href":"https:\/\/atlanticwatches.ch\/de\/wp-json\/wp\/v2\/product_tag?post=5980"}],"curies":[{"name":"wp","href":"https:\/\/api.w.org\/{rel}","templated":true}]}}