{"id":5926,"date":"2022-09-15T16:04:04","date_gmt":"2022-09-15T14:04:04","guid":{"rendered":"https:\/\/atlanticwatches.ch\/?post_type=product&#038;p=5926"},"modified":"2025-04-17T10:14:42","modified_gmt":"2025-04-17T08:14:42","slug":"limited-edition-manufakturkaliber-atl-1","status":"publish","type":"product","link":"https:\/\/atlanticwatches.ch\/de\/shop\/herren-uhren\/worldmaster-de\/manufakturkaliber\/limited-edition-manufakturkaliber-atl-1\/","title":{"rendered":"Worldmaster Limited Edition Mechanische Manufaktur Kaliber ATL-1"},"content":{"rendered":"<p><strong>DIE NEUE ATLANTIC WORLDMASTER LIMITIERTE AUFLAGE EINES MECHANISCHEN MANUFAKTURKALIBERS<\/strong><\/p>\n<p><strong>Entdecken Sie die atemberaubende neue Worldmaster in einer limitierten Auflage von nur 188 St\u00fcck mit dem neuen mechanischen Manufakturkaliber ATL-1 mit Handaufzug.<\/strong><\/p>\n<p>Dieses neue Modell ist mit dem neuen hauseigenen Uhrwerk Atlantic ausgestattet, das nach den h\u00f6chsten Standards der Uhrmachertradition entwickelt wurde. Das mechanische Manufakturkaliber ATL-1 wurde mit viel Liebe zum Detail entwickelt und kann durch den durchsichtigen Geh\u00e4useboden in voller Gr\u00f6\u00dfe bewundert werden. <\/p>\n<p>Das Geh\u00e4use ist aus hochwertigem Edelstahl gefertigt und wurde PVD-beschichtet, um Kratzfestigkeit und hohe Brillanz zu erreichen. Das ausgesprochen moderne Design mit einem Hauch von Vintage wird durch zwei verschiedene Echtlederarmb\u00e4nder unterstrichen, die beide mit einem Schnellverschluss f\u00fcr einen einfachen Wechsel ausgestattet sind. <\/p>\n<p><strong>Beeilen Sie sich und sichern Sie sich Ihre limitierte Auflage des Worldmaster Manufakturkalibers.<\/strong><\/p>\n<hr>\n<p><img loading=\"lazy\" decoding=\"async\" class=\"alignnone wp-image-6381\" src=\"https:\/\/atlanticwatches.ch\/wp-content\/uploads\/2022\/09\/52952.46.63.R_2-1-300x200.jpg\" alt=\"\" width=\"500\" height=\"333\">  <img loading=\"lazy\" decoding=\"async\" class=\"alignnone wp-image-6383\" src=\"https:\/\/atlanticwatches.ch\/wp-content\/uploads\/2022\/09\/52952.46.63.R_3-300x200.jpg\" alt=\"\" width=\"500\" height=\"333\"><\/p>\n<p><img loading=\"lazy\" decoding=\"async\" class=\"alignnone wp-image-6385\" src=\"https:\/\/atlanticwatches.ch\/wp-content\/uploads\/2022\/09\/52952.46.63.R_4-300x200.jpg\" alt=\"\" width=\"500\" height=\"333\">  <img loading=\"lazy\" decoding=\"async\" class=\"alignnone wp-image-6379\" src=\"https:\/\/atlanticwatches.ch\/wp-content\/uploads\/2022\/09\/52952.46.63.R_1-300x200.jpg\" alt=\"\" width=\"500\" height=\"333\"><\/p>\n","protected":false},"excerpt":{"rendered":"<p><strong>Limited Edition | Handaufzug Manufakturkaliber ATL-1<\/strong><\/p>\n<p>Dieses neue Modell ist mit dem neuen Atlantic Uhrwerk ausgestattet, das nach den h\u00f6chsten Ma\u00dfst\u00e4ben der Uhrmachertradition entwickelt wurde.<\/p>\n<p>Das mechanische Manufakturkaliber ATL-1 wurde mit viel Liebe zum Detail entwickelt und kann durch den durchsichtigen Geh\u00e4useboden in voller Gr\u00f6\u00dfe bewundert werden.<\/p>\n<p><strong>Sichern Sie sich schnell Ihre limitierte Auflage des Worldmaster Manufakturkalibers.<\/strong><\/p>\n<p>&nbsp;<\/p>\n","protected":false},"featured_media":6054,"template":"","meta":[],"product_brand":[],"product_cat":[409,428,893,453,865,410],"product_tag":[],"class_list":{"0":"post-5926","1":"product","2":"type-product","3":"status-publish","4":"has-post-thumbnail","6":"product_cat-herren-uhren","7":"product_cat-worldmaster-de","8":"product_cat-manufakturkaliber","9":"product_cat-limited-edition-watches-de","10":"product_cat-handaufzug-mechanische-uhren","11":"product_cat-inspiration-fur-sie","13":"first","14":"instock","15":"shipping-taxable","16":"purchasable","17":"product-type-simple"},"_links":{"self":[{"href":"https:\/\/atlanticwatches.ch\/de\/wp-json\/wp\/v2\/product\/5926","targetHints":{"allow":["GET"]}}],"collection":[{"href":"https:\/\/atlanticwatches.ch\/de\/wp-json\/wp\/v2\/product"}],"about":[{"href":"https:\/\/atlanticwatches.ch\/de\/wp-json\/wp\/v2\/types\/product"}],"wp:featuredmedia":[{"embeddable":true,"href":"https:\/\/atlanticwatches.ch\/de\/wp-json\/wp\/v2\/media\/6054"}],"wp:attachment":[{"href":"https:\/\/atlanticwatches.ch\/de\/wp-json\/wp\/v2\/media?parent=5926"}],"wp:term":[{"taxonomy":"product_brand","embeddable":true,"href":"https:\/\/atlanticwatches.ch\/de\/wp-json\/wp\/v2\/product_brand?post=5926"},{"taxonomy":"product_cat","embeddable":true,"href":"https:\/\/atlanticwatches.ch\/de\/wp-json\/wp\/v2\/product_cat?post=5926"},{"taxonomy":"product_tag","embeddable":true,"href":"https:\/\/atlanticwatches.ch\/de\/wp-json\/wp\/v2\/product_tag?post=5926"}],"curies":[{"name":"wp","href":"https:\/\/api.w.org\/{rel}","templated":true}]}}