{"id":5890,"date":"2020-10-29T08:49:01","date_gmt":"2020-10-29T07:49:01","guid":{"rendered":"https:\/\/atlanticwatches.ch\/shop\/unkategorisiert\/yellow-gold-pvd-1991\/"},"modified":"2025-04-17T10:10:27","modified_gmt":"2025-04-17T08:10:27","slug":"yellow-gold-pvd-1991","status":"publish","type":"product","link":"https:\/\/atlanticwatches.ch\/de\/shop\/herren-uhren\/seacrest-de\/yellow-gold-pvd-1991\/","title":{"rendered":"Seacrest Gelbgold PVD mit silbernem Zifferblatt"},"content":{"rendered":"","protected":false},"excerpt":{"rendered":"<p>Minimalistisch, elegant und zeitlos &#8211; das ist die Atlantic Seacrest Kollektion.<\/p>\n<p>Das 42 mm gro\u00dfe Edelstahlgeh\u00e4use beherbergt ein pr\u00e4zises Ronda-Uhrwerk mit Datumsanzeige und ein wundersch\u00f6nes Zifferblatt mit handapplizierten Indexen, das durch gew\u00f6lbtes Saphirglas gesch\u00fctzt wird. Dieses Modell ist bis zu 50 m wasserdicht. 5 bar.  <\/p>\n","protected":false},"featured_media":8437,"template":"","meta":[],"product_brand":[],"product_cat":[409,413,457],"product_tag":[],"class_list":{"0":"post-5890","1":"product","2":"type-product","3":"status-publish","4":"has-post-thumbnail","6":"product_cat-herren-uhren","7":"product_cat-seacrest-de","8":"product_cat-quarz-uhren","10":"first","11":"instock","12":"shipping-taxable","13":"purchasable","14":"product-type-simple"},"_links":{"self":[{"href":"https:\/\/atlanticwatches.ch\/de\/wp-json\/wp\/v2\/product\/5890","targetHints":{"allow":["GET"]}}],"collection":[{"href":"https:\/\/atlanticwatches.ch\/de\/wp-json\/wp\/v2\/product"}],"about":[{"href":"https:\/\/atlanticwatches.ch\/de\/wp-json\/wp\/v2\/types\/product"}],"wp:featuredmedia":[{"embeddable":true,"href":"https:\/\/atlanticwatches.ch\/de\/wp-json\/wp\/v2\/media\/8437"}],"wp:attachment":[{"href":"https:\/\/atlanticwatches.ch\/de\/wp-json\/wp\/v2\/media?parent=5890"}],"wp:term":[{"taxonomy":"product_brand","embeddable":true,"href":"https:\/\/atlanticwatches.ch\/de\/wp-json\/wp\/v2\/product_brand?post=5890"},{"taxonomy":"product_cat","embeddable":true,"href":"https:\/\/atlanticwatches.ch\/de\/wp-json\/wp\/v2\/product_cat?post=5890"},{"taxonomy":"product_tag","embeddable":true,"href":"https:\/\/atlanticwatches.ch\/de\/wp-json\/wp\/v2\/product_tag?post=5890"}],"curies":[{"name":"wp","href":"https:\/\/api.w.org\/{rel}","templated":true}]}}