{"id":4898,"date":"2020-11-02T07:11:35","date_gmt":"2020-11-02T06:11:35","guid":{"rendered":"https:\/\/atlanticwatches.ch\/shop\/unkategorisiert\/elegance-classic-sparkle-gold-pvd\/"},"modified":"2025-04-17T10:09:22","modified_gmt":"2025-04-17T08:09:22","slug":"elegance-classic-sparkle-gold-pvd","status":"publish","type":"product","link":"https:\/\/atlanticwatches.ch\/de\/shop\/damen-uhren\/elegance-de\/elegance-classic-sparkle-de\/elegance-classic-sparkle-gold-pvd\/","title":{"rendered":"Elegance Classic Sparkle Gelbgold PVD Silber"},"content":{"rendered":"","protected":false},"excerpt":{"rendered":"<p>Die Atlantic Elegance Classic Sparkle Damenkollektion f\u00fcr unvergessliche Momente. Das zeitlose Design mit zus\u00e4tzlichen 12 Zirkoniasteinen, hochwertigen Materialien und dem Schweizer Quarzwerk machen diese Kollektion zu einem sch\u00f6nen, funkelnden Partner f\u00fcr jeden Anlass. <\/p>\n","protected":false},"featured_media":1396,"template":"","meta":[],"product_brand":[],"product_cat":[436,437,440,457],"product_tag":[],"class_list":{"0":"post-4898","1":"product","2":"type-product","3":"status-publish","4":"has-post-thumbnail","6":"product_cat-damen-uhren","7":"product_cat-elegance-de","8":"product_cat-elegance-classic-sparkle-de","9":"product_cat-quarz-uhren","11":"first","12":"instock","13":"shipping-taxable","14":"purchasable","15":"product-type-simple"},"_links":{"self":[{"href":"https:\/\/atlanticwatches.ch\/de\/wp-json\/wp\/v2\/product\/4898","targetHints":{"allow":["GET"]}}],"collection":[{"href":"https:\/\/atlanticwatches.ch\/de\/wp-json\/wp\/v2\/product"}],"about":[{"href":"https:\/\/atlanticwatches.ch\/de\/wp-json\/wp\/v2\/types\/product"}],"wp:featuredmedia":[{"embeddable":true,"href":"https:\/\/atlanticwatches.ch\/de\/wp-json\/wp\/v2\/media\/1396"}],"wp:attachment":[{"href":"https:\/\/atlanticwatches.ch\/de\/wp-json\/wp\/v2\/media?parent=4898"}],"wp:term":[{"taxonomy":"product_brand","embeddable":true,"href":"https:\/\/atlanticwatches.ch\/de\/wp-json\/wp\/v2\/product_brand?post=4898"},{"taxonomy":"product_cat","embeddable":true,"href":"https:\/\/atlanticwatches.ch\/de\/wp-json\/wp\/v2\/product_cat?post=4898"},{"taxonomy":"product_tag","embeddable":true,"href":"https:\/\/atlanticwatches.ch\/de\/wp-json\/wp\/v2\/product_tag?post=4898"}],"curies":[{"name":"wp","href":"https:\/\/api.w.org\/{rel}","templated":true}]}}