{"id":4891,"date":"2020-11-02T15:44:53","date_gmt":"2020-11-02T14:44:53","guid":{"rendered":"https:\/\/atlanticwatches.ch\/shop\/unkategorisiert\/yellow-gold-pvd-7864\/"},"modified":"2025-04-17T10:09:11","modified_gmt":"2025-04-17T08:09:11","slug":"yellow-gold-pvd-7864","status":"publish","type":"product","link":"https:\/\/atlanticwatches.ch\/de\/shop\/damen-uhren\/elegance-de\/elegance-romantic-de\/yellow-gold-pvd-7864\/","title":{"rendered":"Eleganz Romantik Gelbgold PVD"},"content":{"rendered":"","protected":false},"excerpt":{"rendered":"<p>Die Atlantic Elegance Romantic Collection verleiht Ihrem Tag das gewisse Etwas. Das atemberaubende Design mit zus\u00e4tzlichen Zirkoniasteinen in verschiedenen Gr\u00f6\u00dfen erinnert an die romantischen und zarten Freuden des Lebens. Hochwertige Materialien und das Schweizer Quarzwerk machen diese Kollektion zu einem Zeitmesser, an dem Sie lange Freude haben werden.  <\/p>\n","protected":false},"featured_media":1322,"template":"","meta":[],"product_brand":[],"product_cat":[436,437,444,457],"product_tag":[],"class_list":{"0":"post-4891","1":"product","2":"type-product","3":"status-publish","4":"has-post-thumbnail","6":"product_cat-damen-uhren","7":"product_cat-elegance-de","8":"product_cat-elegance-romantic-de","9":"product_cat-quarz-uhren","11":"first","12":"instock","13":"shipping-taxable","14":"purchasable","15":"product-type-simple"},"_links":{"self":[{"href":"https:\/\/atlanticwatches.ch\/de\/wp-json\/wp\/v2\/product\/4891","targetHints":{"allow":["GET"]}}],"collection":[{"href":"https:\/\/atlanticwatches.ch\/de\/wp-json\/wp\/v2\/product"}],"about":[{"href":"https:\/\/atlanticwatches.ch\/de\/wp-json\/wp\/v2\/types\/product"}],"wp:featuredmedia":[{"embeddable":true,"href":"https:\/\/atlanticwatches.ch\/de\/wp-json\/wp\/v2\/media\/1322"}],"wp:attachment":[{"href":"https:\/\/atlanticwatches.ch\/de\/wp-json\/wp\/v2\/media?parent=4891"}],"wp:term":[{"taxonomy":"product_brand","embeddable":true,"href":"https:\/\/atlanticwatches.ch\/de\/wp-json\/wp\/v2\/product_brand?post=4891"},{"taxonomy":"product_cat","embeddable":true,"href":"https:\/\/atlanticwatches.ch\/de\/wp-json\/wp\/v2\/product_cat?post=4891"},{"taxonomy":"product_tag","embeddable":true,"href":"https:\/\/atlanticwatches.ch\/de\/wp-json\/wp\/v2\/product_tag?post=4891"}],"curies":[{"name":"wp","href":"https:\/\/api.w.org\/{rel}","templated":true}]}}