{"id":4749,"date":"2021-12-27T10:09:38","date_gmt":"2021-12-27T09:09:38","guid":{"rendered":"https:\/\/atlanticwatches.ch\/?post_type=product&#038;p=4749"},"modified":"2025-04-17T10:14:54","modified_gmt":"2025-04-17T08:14:54","slug":"seabase-ladies-silber-pvd-8875","status":"publish","type":"product","link":"https:\/\/atlanticwatches.ch\/de\/shop\/damen-uhren\/seabase-ladies-de\/seabase-ladies-silber-pvd-8875\/","title":{"rendered":"Seabase Damen Silber PVD"},"content":{"rendered":"","protected":false},"excerpt":{"rendered":"<p>Die Atlantic Seabase Ladies Collection besteht aus eleganten Zeitmessern, die zu jedem Stil passen.<\/p>\n<p>Das filigrane Edelstahlgeh\u00e4use beherbergt ein pr\u00e4zises Schweizer Quarzwerk und verf\u00fcgt \u00fcber kratzfestes Saphirglas. Au\u00dferdem ist sie bis zu 50 Meter wasserdicht.<\/p>\n<p>Diese Uhr ist der perfekte Begleiter f\u00fcr die moderne Dame &#8211; jeden Tag und zu jedem Anlass.<\/p>\n","protected":false},"featured_media":4220,"template":"","meta":[],"product_brand":[],"product_cat":[436,859,457],"product_tag":[],"class_list":{"0":"post-4749","1":"product","2":"type-product","3":"status-publish","4":"has-post-thumbnail","6":"product_cat-damen-uhren","7":"product_cat-seabase-ladies-de","8":"product_cat-quarz-uhren","10":"first","11":"instock","12":"shipping-taxable","13":"purchasable","14":"product-type-simple"},"_links":{"self":[{"href":"https:\/\/atlanticwatches.ch\/de\/wp-json\/wp\/v2\/product\/4749","targetHints":{"allow":["GET"]}}],"collection":[{"href":"https:\/\/atlanticwatches.ch\/de\/wp-json\/wp\/v2\/product"}],"about":[{"href":"https:\/\/atlanticwatches.ch\/de\/wp-json\/wp\/v2\/types\/product"}],"wp:featuredmedia":[{"embeddable":true,"href":"https:\/\/atlanticwatches.ch\/de\/wp-json\/wp\/v2\/media\/4220"}],"wp:attachment":[{"href":"https:\/\/atlanticwatches.ch\/de\/wp-json\/wp\/v2\/media?parent=4749"}],"wp:term":[{"taxonomy":"product_brand","embeddable":true,"href":"https:\/\/atlanticwatches.ch\/de\/wp-json\/wp\/v2\/product_brand?post=4749"},{"taxonomy":"product_cat","embeddable":true,"href":"https:\/\/atlanticwatches.ch\/de\/wp-json\/wp\/v2\/product_cat?post=4749"},{"taxonomy":"product_tag","embeddable":true,"href":"https:\/\/atlanticwatches.ch\/de\/wp-json\/wp\/v2\/product_tag?post=4749"}],"curies":[{"name":"wp","href":"https:\/\/api.w.org\/{rel}","templated":true}]}}