{"id":4735,"date":"2021-12-27T09:21:26","date_gmt":"2021-12-27T08:21:26","guid":{"rendered":"https:\/\/atlanticwatches.ch\/?post_type=product&#038;p=4735"},"modified":"2025-04-17T10:15:08","modified_gmt":"2025-04-17T08:15:08","slug":"seabase-gents-schwarz-bico-8853","status":"publish","type":"product","link":"https:\/\/atlanticwatches.ch\/de\/shop\/herren-uhren\/seabase-de\/seabase-gents-schwarz-bico-8853\/","title":{"rendered":"Seabase Gents Schwarzes Zifferblatt Bico"},"content":{"rendered":"","protected":false},"excerpt":{"rendered":"<p>Die Atlantic Seabase Gents Collection besteht aus eleganten Zeitmessern, die zu jedem Stil passen.<\/p>\n<p>Das 40-mm-Edelstahlgeh\u00e4use beherbergt ein pr\u00e4zises Schweizer Quarzwerk und verf\u00fcgt \u00fcber kratzfestes Saphirglas. Au\u00dferdem ist sie bis zu 50 Meter wasserdicht. <\/p>\n<p>Diese Uhr ist der perfekte Begleiter f\u00fcr den modernen Gentleman f\u00fcr jeden Tag und jede Gelegenheit.<\/p>\n","protected":false},"featured_media":4206,"template":"","meta":[],"product_brand":[],"product_cat":[409,405,852,457],"product_tag":[],"class_list":{"0":"post-4735","1":"product","2":"type-product","3":"status-publish","4":"has-post-thumbnail","6":"product_cat-herren-uhren","7":"product_cat-seabase-de","8":"product_cat-seabase-gents-de","9":"product_cat-quarz-uhren","11":"first","12":"instock","13":"shipping-taxable","14":"purchasable","15":"product-type-simple"},"_links":{"self":[{"href":"https:\/\/atlanticwatches.ch\/de\/wp-json\/wp\/v2\/product\/4735","targetHints":{"allow":["GET"]}}],"collection":[{"href":"https:\/\/atlanticwatches.ch\/de\/wp-json\/wp\/v2\/product"}],"about":[{"href":"https:\/\/atlanticwatches.ch\/de\/wp-json\/wp\/v2\/types\/product"}],"wp:featuredmedia":[{"embeddable":true,"href":"https:\/\/atlanticwatches.ch\/de\/wp-json\/wp\/v2\/media\/4206"}],"wp:attachment":[{"href":"https:\/\/atlanticwatches.ch\/de\/wp-json\/wp\/v2\/media?parent=4735"}],"wp:term":[{"taxonomy":"product_brand","embeddable":true,"href":"https:\/\/atlanticwatches.ch\/de\/wp-json\/wp\/v2\/product_brand?post=4735"},{"taxonomy":"product_cat","embeddable":true,"href":"https:\/\/atlanticwatches.ch\/de\/wp-json\/wp\/v2\/product_cat?post=4735"},{"taxonomy":"product_tag","embeddable":true,"href":"https:\/\/atlanticwatches.ch\/de\/wp-json\/wp\/v2\/product_tag?post=4735"}],"curies":[{"name":"wp","href":"https:\/\/api.w.org\/{rel}","templated":true}]}}