{"id":4709,"date":"2021-12-27T08:28:50","date_gmt":"2021-12-27T07:28:50","guid":{"rendered":"https:\/\/atlanticwatches.ch\/?post_type=product&#038;p=4709"},"modified":"2025-04-17T10:15:43","modified_gmt":"2025-04-17T08:15:43","slug":"seabase-gents-weiss-pvd-8838","status":"publish","type":"product","link":"https:\/\/atlanticwatches.ch\/de\/shop\/herren-uhren\/seabase-de\/seabase-gents-weiss-pvd-8838\/","title":{"rendered":"Seabase Herren Quarz | PVD\/Wei\u00df"},"content":{"rendered":"<p><strong>Wir pr\u00e4sentieren die Atlantic Seabase Gents Collection, eine Symphonie aus Eleganz und Funktionalit\u00e4t, die den Geschmack anspruchsvoller Herren trifft. Diese tadellos verarbeiteten Zeitmesser vereinen den Charme der alten Welt des klassischen Designs mit der technologischen Raffinesse der modernen Zeit. <\/strong><\/p>\n<p>Jede Uhr ist sorgf\u00e4ltig in ein robustes 40-mm-Edelstahlgeh\u00e4use eingearbeitet, das nicht nur f\u00fcr \u00c4sthetik, sondern auch f\u00fcr Langlebigkeit entwickelt wurde. Das Geh\u00e4use beherbergt ein hochpr\u00e4zises Schweizer Quarzwerk, eine Verk\u00f6rperung der feinen Kunstfertigkeit und unerbittlichen Genauigkeit, f\u00fcr die die Schweizer Uhrmacher weltweit ber\u00fchmt sind. <\/p>\n<p>Jedes Zifferblatt befindet sich unter einem kratzfesten Saphirglas, ein Beweis f\u00fcr die Langlebigkeit der Uhr. Dieses Merkmal bietet die Gewissheit ewiger Eleganz, die weder durch den Lauf der Zeit noch durch die Strapazen des t\u00e4glichen Gebrauchs beeintr\u00e4chtigt wird. <\/p>\n<p>Bemerkenswert ist, dass diese Uhren trotz ihrer filigranen Verarbeitung eine Wasserdichtigkeit von bis zu 50 Metern aufweisen. Mit dieser Eigenschaft erh\u00e4lt der moderne Gentleman einen Zeitmesser, der so anpassungsf\u00e4hig ist wie er selbst und der nahtlos vom Sitzungssaal zum Strand \u00fcbergehen kann. <\/p>\n<p>Die Atlantic Seabase Gents Collection ist nicht nur eine Reihe von Uhren. Sie ist ein treuer Partner f\u00fcr jeden Moment und jede Gelegenheit im Leben eines Mannes, vom Allt\u00e4glichen bis zum Au\u00dfergew\u00f6hnlichen. Diese Zeitmesser zeigen nicht einfach nur die Zeit an, sondern heben das Wesen der Zeit hervor, indem sie jede Sekunde der t\u00e4glichen Reise des modernen Mannes aufwerten.  <\/p>\n","protected":false},"excerpt":{"rendered":"<p><strong>Stilvolle Herrenuhr | 40mm Quarz<\/strong><\/p>\n<p>Die Atlantic Seabase Gents Collection besteht aus eleganten Zeitmessern, die zu jedem Stil passen.<\/p>\n<p>Das 40-mm-Edelstahlgeh\u00e4use beherbergt ein pr\u00e4zises Schweizer Quarzwerk und verf\u00fcgt \u00fcber kratzfestes Saphirglas. Au\u00dferdem ist sie bis zu 50 Meter wasserdicht. <\/p>\n<p>Diese Uhr ist der perfekte Begleiter f\u00fcr den modernen Gentleman f\u00fcr jeden Tag und jede Gelegenheit.<\/p>\n","protected":false},"featured_media":4182,"template":"","meta":[],"product_brand":[],"product_cat":[409,405,852,457],"product_tag":[],"class_list":{"0":"post-4709","1":"product","2":"type-product","3":"status-publish","4":"has-post-thumbnail","6":"product_cat-herren-uhren","7":"product_cat-seabase-de","8":"product_cat-seabase-gents-de","9":"product_cat-quarz-uhren","11":"first","12":"instock","13":"shipping-taxable","14":"purchasable","15":"product-type-simple"},"_links":{"self":[{"href":"https:\/\/atlanticwatches.ch\/de\/wp-json\/wp\/v2\/product\/4709","targetHints":{"allow":["GET"]}}],"collection":[{"href":"https:\/\/atlanticwatches.ch\/de\/wp-json\/wp\/v2\/product"}],"about":[{"href":"https:\/\/atlanticwatches.ch\/de\/wp-json\/wp\/v2\/types\/product"}],"wp:featuredmedia":[{"embeddable":true,"href":"https:\/\/atlanticwatches.ch\/de\/wp-json\/wp\/v2\/media\/4182"}],"wp:attachment":[{"href":"https:\/\/atlanticwatches.ch\/de\/wp-json\/wp\/v2\/media?parent=4709"}],"wp:term":[{"taxonomy":"product_brand","embeddable":true,"href":"https:\/\/atlanticwatches.ch\/de\/wp-json\/wp\/v2\/product_brand?post=4709"},{"taxonomy":"product_cat","embeddable":true,"href":"https:\/\/atlanticwatches.ch\/de\/wp-json\/wp\/v2\/product_cat?post=4709"},{"taxonomy":"product_tag","embeddable":true,"href":"https:\/\/atlanticwatches.ch\/de\/wp-json\/wp\/v2\/product_tag?post=4709"}],"curies":[{"name":"wp","href":"https:\/\/api.w.org\/{rel}","templated":true}]}}