{"id":3307,"date":"2021-06-02T09:23:13","date_gmt":"2021-06-02T07:23:13","guid":{"rendered":"https:\/\/atlanticwatches.ch\/?post_type=product&#038;p=3307"},"modified":"2025-11-16T23:21:43","modified_gmt":"2025-11-16T22:21:43","slug":"worldmaster-cosc-chronometer-blue","status":"publish","type":"product","link":"https:\/\/atlanticwatches.ch\/de\/shop\/herren-uhren\/worldmaster-de\/worldmaster-cosc-chronometer-de\/worldmaster-cosc-chronometer-blue\/","title":{"rendered":"Worldmaster COSC Chronometer Edition | Blau"},"content":{"rendered":"<p><strong>Atlantic Worldmaster COSC Kollektion: Zeitlose Eleganz, zertifizierte Pr\u00e4zision<\/strong><\/p>\n<p><strong>Unerreichte Pr\u00e4zision und Qualit\u00e4t<\/strong><br \/>\nEntdecken Sie mit der Atlantic Worldmaster COSC Collection den Inbegriff der Zeitmessung. Jede Uhr wurde von der offiziellen Schweizer Chronometerpr\u00fcfstelle zertifiziert, ein Beweis f\u00fcr ihre un\u00fcbertroffene Pr\u00e4zision und Zuverl\u00e4ssigkeit. Diese Zeitmesser werden nur aus den besten Materialien gefertigt und bieten sowohl Langlebigkeit als auch eine luxuri\u00f6se \u00c4sthetik. Ob f\u00fcr den t\u00e4glichen Gebrauch oder f\u00fcr besondere Anl\u00e4sse, die Worldmaster COSC Kollektion garantiert Genauigkeit auf h\u00f6chstem Niveau, so dass jede Sekunde z\u00e4hlt.   <\/p>\n<p><strong>Elegantes Design und vielseitiger Stil<\/strong><br \/>\nDie Atlantic Worldmaster COSC Kollektion besticht durch ihr zeitloses Design, das in drei eleganten Farben erh\u00e4ltlich ist und jede Garderobe erg\u00e4nzt. Vom eleganten, professionellen Look bis hin zu einem legeren Stil passen sich diese Uhren nahtlos an. Die sorgf\u00e4ltige Handwerkskunst zeigt sich in jedem Detail, von der polierten Oberfl\u00e4che bis zum bequemen Sitz am Handgelenk. Diese Kollektion ist nicht nur ein Kauf, sondern eine Investition in ein Kunstwerk, das sowohl funktional als auch modisch ist und somit ein perfektes Accessoire f\u00fcr alle ist, die Luxus und Leistung zu sch\u00e4tzen wissen.   <\/p>\n<hr>\n<p><img loading=\"lazy\" decoding=\"async\" class=\"aligncenter wp-image-9417 size-full\" src=\"https:\/\/atlanticwatches.ch\/wp-content\/uploads\/2021\/06\/Worldmaster-COSC-Collection.jpg\" alt=\"\" width=\"1900\" height=\"800\" srcset=\"https:\/\/atlanticwatches.ch\/wp-content\/uploads\/2021\/06\/Worldmaster-COSC-Collection.jpg 1900w, https:\/\/atlanticwatches.ch\/wp-content\/uploads\/2021\/06\/Worldmaster-COSC-Collection-1024x431.jpg 1024w, https:\/\/atlanticwatches.ch\/wp-content\/uploads\/2021\/06\/Worldmaster-COSC-Collection-768x323.jpg 768w, https:\/\/atlanticwatches.ch\/wp-content\/uploads\/2021\/06\/Worldmaster-COSC-Collection-1536x647.jpg 1536w, https:\/\/atlanticwatches.ch\/wp-content\/uploads\/2021\/06\/Worldmaster-COSC-Collection-640x269.jpg 640w, https:\/\/atlanticwatches.ch\/wp-content\/uploads\/2021\/06\/Worldmaster-COSC-Collection-400x168.jpg 400w, https:\/\/atlanticwatches.ch\/wp-content\/uploads\/2021\/06\/Worldmaster-COSC-Collection-600x253.jpg 600w\" sizes=\"auto, (max-width: 1900px) 100vw, 1900px\" \/><\/p>\n","protected":false},"excerpt":{"rendered":"<p><strong>COSC-Chronometer zertifiziert von der offiziellen Schweizer Chronometerpr\u00fcfstelle  <\/strong><\/p>\n<p>Erleben Sie unvergleichliche Genauigkeit mit der Atlantic Worldmaster COSC Collection, die von der offiziellen Schweizer Chronometerpr\u00fcfstelle zertifiziert wurde.<\/p>\n<p>Jedes St\u00fcck dieser Serie vereint exquisite Handwerkskunst und hochwertige Materialien in einem zeitlosen Design. Die in drei eleganten Farben erh\u00e4ltlichen Uhren sind eine luxuri\u00f6se Erg\u00e4nzung zu Ihrem Stil und sorgen f\u00fcr Pr\u00e4zision und Raffinesse an Ihrem Handgelenk. <\/p>\n","protected":false},"featured_media":3301,"template":"","meta":[],"product_brand":[],"product_cat":[409,428,776,411],"product_tag":[],"class_list":{"0":"post-3307","1":"product","2":"type-product","3":"status-publish","4":"has-post-thumbnail","6":"product_cat-herren-uhren","7":"product_cat-worldmaster-de","8":"product_cat-worldmaster-cosc-chronometer-de","9":"product_cat-automatik-uhren","11":"first","12":"outofstock","13":"shipping-taxable","14":"purchasable","15":"product-type-simple"},"_links":{"self":[{"href":"https:\/\/atlanticwatches.ch\/de\/wp-json\/wp\/v2\/product\/3307","targetHints":{"allow":["GET"]}}],"collection":[{"href":"https:\/\/atlanticwatches.ch\/de\/wp-json\/wp\/v2\/product"}],"about":[{"href":"https:\/\/atlanticwatches.ch\/de\/wp-json\/wp\/v2\/types\/product"}],"wp:featuredmedia":[{"embeddable":true,"href":"https:\/\/atlanticwatches.ch\/de\/wp-json\/wp\/v2\/media\/3301"}],"wp:attachment":[{"href":"https:\/\/atlanticwatches.ch\/de\/wp-json\/wp\/v2\/media?parent=3307"}],"wp:term":[{"taxonomy":"product_brand","embeddable":true,"href":"https:\/\/atlanticwatches.ch\/de\/wp-json\/wp\/v2\/product_brand?post=3307"},{"taxonomy":"product_cat","embeddable":true,"href":"https:\/\/atlanticwatches.ch\/de\/wp-json\/wp\/v2\/product_cat?post=3307"},{"taxonomy":"product_tag","embeddable":true,"href":"https:\/\/atlanticwatches.ch\/de\/wp-json\/wp\/v2\/product_tag?post=3307"}],"curies":[{"name":"wp","href":"https:\/\/api.w.org\/{rel}","templated":true}]}}