{"id":2130,"date":"2020-11-13T09:48:02","date_gmt":"2020-11-13T08:48:02","guid":{"rendered":"https:\/\/atlanticwatches.ch\/shop\/unkategorisiert\/automatik-silber-braun-8317\/"},"modified":"2025-04-17T10:09:00","modified_gmt":"2025-04-17T08:09:00","slug":"automatik-silber-braun-8317","status":"publish","type":"product","link":"https:\/\/atlanticwatches.ch\/de\/shop\/herren-uhren\/worldmaster-de\/worldmaster-1888-de\/automatik-silber-braun-8317\/","title":{"rendered":"Worldmaster 1888 Automatik Silbernes Zifferblatt"},"content":{"rendered":"","protected":false},"excerpt":{"rendered":"<p>Die Atlantic Worldmaster 1888 Automatic Collection vereint Eleganz, zeitloses Design und Materialien von h\u00f6chster Qualit\u00e4t. Das 42-mm-Edelstahlgeh\u00e4use mit transparentem Boden beherbergt ein Schweizer Automatikkaliber Sellita SW200-1. Ein eleganter, zuverl\u00e4ssiger Zeitmesser f\u00fcr Tag und Nacht. <\/p>\n","protected":false},"featured_media":2861,"template":"","meta":[],"product_brand":[],"product_cat":[409,431,411],"product_tag":[],"class_list":{"0":"post-2130","1":"product","2":"type-product","3":"status-publish","4":"has-post-thumbnail","6":"product_cat-herren-uhren","7":"product_cat-worldmaster-1888-de","8":"product_cat-automatik-uhren","10":"first","11":"instock","12":"shipping-taxable","13":"purchasable","14":"product-type-simple"},"_links":{"self":[{"href":"https:\/\/atlanticwatches.ch\/de\/wp-json\/wp\/v2\/product\/2130","targetHints":{"allow":["GET"]}}],"collection":[{"href":"https:\/\/atlanticwatches.ch\/de\/wp-json\/wp\/v2\/product"}],"about":[{"href":"https:\/\/atlanticwatches.ch\/de\/wp-json\/wp\/v2\/types\/product"}],"wp:featuredmedia":[{"embeddable":true,"href":"https:\/\/atlanticwatches.ch\/de\/wp-json\/wp\/v2\/media\/2861"}],"wp:attachment":[{"href":"https:\/\/atlanticwatches.ch\/de\/wp-json\/wp\/v2\/media?parent=2130"}],"wp:term":[{"taxonomy":"product_brand","embeddable":true,"href":"https:\/\/atlanticwatches.ch\/de\/wp-json\/wp\/v2\/product_brand?post=2130"},{"taxonomy":"product_cat","embeddable":true,"href":"https:\/\/atlanticwatches.ch\/de\/wp-json\/wp\/v2\/product_cat?post=2130"},{"taxonomy":"product_tag","embeddable":true,"href":"https:\/\/atlanticwatches.ch\/de\/wp-json\/wp\/v2\/product_tag?post=2130"}],"curies":[{"name":"wp","href":"https:\/\/api.w.org\/{rel}","templated":true}]}}