{"id":2129,"date":"2020-11-13T13:19:38","date_gmt":"2020-11-13T12:19:38","guid":{"rendered":"https:\/\/atlanticwatches.ch\/shop\/unkategorisiert\/automatik-blau-leder-8318\/"},"modified":"2025-04-17T10:08:53","modified_gmt":"2025-04-17T08:08:53","slug":"automatik-blau-leder-8318","status":"publish","type":"product","link":"https:\/\/atlanticwatches.ch\/de\/shop\/herren-uhren\/worldmaster-de\/worldmaster-1888-de\/automatik-blau-leder-8318\/","title":{"rendered":"Worldmaster 1888 Automatik Blaues Zifferblatt"},"content":{"rendered":"","protected":false},"excerpt":{"rendered":"<p>Die Atlantic Worldmaster 1888 Automatic Collection vereint Eleganz, zeitloses Design und Materialien von h\u00f6chster Qualit\u00e4t. Das 42-mm-Edelstahlgeh\u00e4use mit transparentem Boden beherbergt ein Schweizer Automatikkaliber Sellita SW200-1. Ein eleganter, zuverl\u00e4ssiger Zeitmesser f\u00fcr Tag und Nacht. <\/p>\n","protected":false},"featured_media":2859,"template":"","meta":[],"product_brand":[],"product_cat":[409,431,411],"product_tag":[],"class_list":{"0":"post-2129","1":"product","2":"type-product","3":"status-publish","4":"has-post-thumbnail","6":"product_cat-herren-uhren","7":"product_cat-worldmaster-1888-de","8":"product_cat-automatik-uhren","10":"first","11":"instock","12":"shipping-taxable","13":"purchasable","14":"product-type-simple"},"_links":{"self":[{"href":"https:\/\/atlanticwatches.ch\/de\/wp-json\/wp\/v2\/product\/2129","targetHints":{"allow":["GET"]}}],"collection":[{"href":"https:\/\/atlanticwatches.ch\/de\/wp-json\/wp\/v2\/product"}],"about":[{"href":"https:\/\/atlanticwatches.ch\/de\/wp-json\/wp\/v2\/types\/product"}],"wp:featuredmedia":[{"embeddable":true,"href":"https:\/\/atlanticwatches.ch\/de\/wp-json\/wp\/v2\/media\/2859"}],"wp:attachment":[{"href":"https:\/\/atlanticwatches.ch\/de\/wp-json\/wp\/v2\/media?parent=2129"}],"wp:term":[{"taxonomy":"product_brand","embeddable":true,"href":"https:\/\/atlanticwatches.ch\/de\/wp-json\/wp\/v2\/product_brand?post=2129"},{"taxonomy":"product_cat","embeddable":true,"href":"https:\/\/atlanticwatches.ch\/de\/wp-json\/wp\/v2\/product_cat?post=2129"},{"taxonomy":"product_tag","embeddable":true,"href":"https:\/\/atlanticwatches.ch\/de\/wp-json\/wp\/v2\/product_tag?post=2129"}],"curies":[{"name":"wp","href":"https:\/\/api.w.org\/{rel}","templated":true}]}}