{"id":2104,"date":"2020-11-13T17:03:06","date_gmt":"2020-11-13T16:03:06","guid":{"rendered":"https:\/\/atlanticwatches.ch\/shop\/unkategorisiert\/automatik-creme-blau-7568\/"},"modified":"2025-04-17T10:17:39","modified_gmt":"2025-04-17T08:17:39","slug":"automatik-creme-blau-7568","status":"publish","type":"product","link":"https:\/\/atlanticwatches.ch\/de\/shop\/herren-uhren\/worldmaster-de\/worldmaster-original-de\/automatik-creme-blau-7568\/","title":{"rendered":"Worldmaster Original Automatik Creme Blaues Zifferblatt"},"content":{"rendered":"","protected":false},"excerpt":{"rendered":"<p>Mit der Atlantic Worldmaster Original findet ein echtes Original seinen Weg in die Gegenwart. Ein Zifferblatt im Stil der 50er Jahre, ein typisches Geh\u00e4use und ein gew\u00f6lbtes Saphirglas &#8211; all das l\u00e4sst den Geist einer vergangenen \u00c4ra wieder aufleben. <\/p>\n<p>Die Neuauflage der Worldmaster Original ist eine klassische, sch\u00f6ne, authentische Uhr, eine wertvolle Erg\u00e4nzung f\u00fcr jede Uhrensammlung und ein Blickfang an jedem Handgelenk.<\/p>\n","protected":false},"featured_media":1513,"template":"","meta":[],"product_brand":[],"product_cat":[409,428,434,411],"product_tag":[],"class_list":{"0":"post-2104","1":"product","2":"type-product","3":"status-publish","4":"has-post-thumbnail","6":"product_cat-herren-uhren","7":"product_cat-worldmaster-de","8":"product_cat-worldmaster-original-de","9":"product_cat-automatik-uhren","11":"first","12":"instock","13":"shipping-taxable","14":"purchasable","15":"product-type-simple"},"_links":{"self":[{"href":"https:\/\/atlanticwatches.ch\/de\/wp-json\/wp\/v2\/product\/2104","targetHints":{"allow":["GET"]}}],"collection":[{"href":"https:\/\/atlanticwatches.ch\/de\/wp-json\/wp\/v2\/product"}],"about":[{"href":"https:\/\/atlanticwatches.ch\/de\/wp-json\/wp\/v2\/types\/product"}],"wp:featuredmedia":[{"embeddable":true,"href":"https:\/\/atlanticwatches.ch\/de\/wp-json\/wp\/v2\/media\/1513"}],"wp:attachment":[{"href":"https:\/\/atlanticwatches.ch\/de\/wp-json\/wp\/v2\/media?parent=2104"}],"wp:term":[{"taxonomy":"product_brand","embeddable":true,"href":"https:\/\/atlanticwatches.ch\/de\/wp-json\/wp\/v2\/product_brand?post=2104"},{"taxonomy":"product_cat","embeddable":true,"href":"https:\/\/atlanticwatches.ch\/de\/wp-json\/wp\/v2\/product_cat?post=2104"},{"taxonomy":"product_tag","embeddable":true,"href":"https:\/\/atlanticwatches.ch\/de\/wp-json\/wp\/v2\/product_tag?post=2104"}],"curies":[{"name":"wp","href":"https:\/\/api.w.org\/{rel}","templated":true}]}}