{"id":2094,"date":"2020-11-14T06:40:28","date_gmt":"2020-11-14T05:40:28","guid":{"rendered":"https:\/\/atlanticwatches.ch\/shop\/unkategorisiert\/handaufzug-silber-bico-3742\/"},"modified":"2025-04-17T10:17:39","modified_gmt":"2025-04-17T08:17:39","slug":"handaufzug-silber-bico-3742","status":"publish","type":"product","link":"https:\/\/atlanticwatches.ch\/de\/shop\/herren-uhren\/worldmaster-de\/worldmaster-art-deco-de\/handaufzug-silber-bico-3742\/","title":{"rendered":"Worldmaster Art Deco Mechanisch | Bico\/Silbernes Zifferblatt"},"content":{"rendered":"","protected":false},"excerpt":{"rendered":"<p><strong>Zuverl\u00e4ssige und langlebige mechanische Schweizer Uhr  <\/strong><\/p>\n<p>Im Stil der 50er Jahre pr\u00e4sentiert sich die Atlantic Worldmaster Art Deco als perfekter und stets zuverl\u00e4ssiger Begleiter. Das sch\u00f6ne Zifferblatt mit Sonnenschliff-Design basiert auf der urspr\u00fcnglichen Worldmaster, die 1955 erstmals vorgestellt wurde. <\/p>\n<p>Der Vintage-Look ist stilvoll, die Materialien von h\u00f6chster Qualit\u00e4t und der transparente Geh\u00e4useboden gibt den Blick auf das zuverl\u00e4ssige mechanische Handaufzugswerk aus Schweizer Produktion frei. Dieser Zeitmesser ist eine stilvolle Erg\u00e4nzung f\u00fcr die Sammlung eines echten Uhrenliebhabers. <\/p>\n","protected":false},"featured_media":1907,"template":"","meta":[],"product_brand":[],"product_cat":[409,428,432,865],"product_tag":[],"class_list":{"0":"post-2094","1":"product","2":"type-product","3":"status-publish","4":"has-post-thumbnail","6":"product_cat-herren-uhren","7":"product_cat-worldmaster-de","8":"product_cat-worldmaster-art-deco-de","9":"product_cat-handaufzug-mechanische-uhren","11":"first","12":"instock","13":"shipping-taxable","14":"purchasable","15":"product-type-simple"},"_links":{"self":[{"href":"https:\/\/atlanticwatches.ch\/de\/wp-json\/wp\/v2\/product\/2094","targetHints":{"allow":["GET"]}}],"collection":[{"href":"https:\/\/atlanticwatches.ch\/de\/wp-json\/wp\/v2\/product"}],"about":[{"href":"https:\/\/atlanticwatches.ch\/de\/wp-json\/wp\/v2\/types\/product"}],"wp:featuredmedia":[{"embeddable":true,"href":"https:\/\/atlanticwatches.ch\/de\/wp-json\/wp\/v2\/media\/1907"}],"wp:attachment":[{"href":"https:\/\/atlanticwatches.ch\/de\/wp-json\/wp\/v2\/media?parent=2094"}],"wp:term":[{"taxonomy":"product_brand","embeddable":true,"href":"https:\/\/atlanticwatches.ch\/de\/wp-json\/wp\/v2\/product_brand?post=2094"},{"taxonomy":"product_cat","embeddable":true,"href":"https:\/\/atlanticwatches.ch\/de\/wp-json\/wp\/v2\/product_cat?post=2094"},{"taxonomy":"product_tag","embeddable":true,"href":"https:\/\/atlanticwatches.ch\/de\/wp-json\/wp\/v2\/product_tag?post=2094"}],"curies":[{"name":"wp","href":"https:\/\/api.w.org\/{rel}","templated":true}]}}