{"id":2088,"date":"2020-11-14T07:13:49","date_gmt":"2020-11-14T06:13:49","guid":{"rendered":"https:\/\/atlanticwatches.ch\/shop\/unkategorisiert\/automatik-edelstahl-schwarz-3807\/"},"modified":"2025-04-17T10:16:56","modified_gmt":"2025-04-17T08:16:56","slug":"automatik-edelstahl-schwarz-3807","status":"publish","type":"product","link":"https:\/\/atlanticwatches.ch\/de\/shop\/herren-uhren\/worldmaster-de\/worldmaster-art-deco-de\/automatik-edelstahl-schwarz-3807\/","title":{"rendered":"Worldmaster Art-D\u00e9co Automatik Schwarzer Stahl"},"content":{"rendered":"","protected":false},"excerpt":{"rendered":"<p>Im Stil der 50er Jahre pr\u00e4sentiert sich die Atlantic Worldmaster Art-D\u00e9co als perfekter und stets zuverl\u00e4ssiger Begleiter. Das sch\u00f6ne Zifferblatt mit Sonnenschliff-Design basiert auf der urspr\u00fcnglichen Worldmaster, die 1955 eingef\u00fchrt wurde. <\/p>\n<p>Der Vintage-Look ist stilvoll, die Materialien von h\u00f6chster Qualit\u00e4t und der transparente Geh\u00e4useboden gibt einen Blick auf das zuverl\u00e4ssige Schweizer Automatikwerk frei. Dieser Zeitmesser ist eine stilvolle Erg\u00e4nzung f\u00fcr die Sammlung eines echten Uhrenliebhabers. <\/p>\n","protected":false},"featured_media":1926,"template":"","meta":[],"product_brand":[],"product_cat":[409,428,432,411],"product_tag":[],"class_list":{"0":"post-2088","1":"product","2":"type-product","3":"status-publish","4":"has-post-thumbnail","6":"product_cat-herren-uhren","7":"product_cat-worldmaster-de","8":"product_cat-worldmaster-art-deco-de","9":"product_cat-automatik-uhren","11":"first","12":"instock","13":"shipping-taxable","14":"purchasable","15":"product-type-simple"},"_links":{"self":[{"href":"https:\/\/atlanticwatches.ch\/de\/wp-json\/wp\/v2\/product\/2088","targetHints":{"allow":["GET"]}}],"collection":[{"href":"https:\/\/atlanticwatches.ch\/de\/wp-json\/wp\/v2\/product"}],"about":[{"href":"https:\/\/atlanticwatches.ch\/de\/wp-json\/wp\/v2\/types\/product"}],"wp:featuredmedia":[{"embeddable":true,"href":"https:\/\/atlanticwatches.ch\/de\/wp-json\/wp\/v2\/media\/1926"}],"wp:attachment":[{"href":"https:\/\/atlanticwatches.ch\/de\/wp-json\/wp\/v2\/media?parent=2088"}],"wp:term":[{"taxonomy":"product_brand","embeddable":true,"href":"https:\/\/atlanticwatches.ch\/de\/wp-json\/wp\/v2\/product_brand?post=2088"},{"taxonomy":"product_cat","embeddable":true,"href":"https:\/\/atlanticwatches.ch\/de\/wp-json\/wp\/v2\/product_cat?post=2088"},{"taxonomy":"product_tag","embeddable":true,"href":"https:\/\/atlanticwatches.ch\/de\/wp-json\/wp\/v2\/product_tag?post=2088"}],"curies":[{"name":"wp","href":"https:\/\/api.w.org\/{rel}","templated":true}]}}