{"id":12894,"date":"2025-11-27T10:27:30","date_gmt":"2025-11-27T09:27:30","guid":{"rendered":"https:\/\/atlanticwatches.ch\/?post_type=product&#038;p=12894"},"modified":"2025-11-29T09:09:48","modified_gmt":"2025-11-29T08:09:48","slug":"worldmaster-prestige-krzysztof-holowczyc-limited-edition-automatic-chronograph","status":"publish","type":"product","link":"https:\/\/atlanticwatches.ch\/de\/shop\/herren-uhren\/worldmaster-de\/prestige-valjoux-day-date-de\/worldmaster-prestige-krzysztof-holowczyc-limited-edition-automatic-chronograph\/","title":{"rendered":"Worldmaster Prestige \u201eKrzysztof Holowczyc\u201c Limited Edition | Automatik-Chronograph"},"content":{"rendered":"<p><strong>Eine Hommage an Pr\u00e4zision, Tradition und Charakter<\/strong><\/p>\n<p data-start=\"484\" data-end=\"947\">Die Worldmaster Prestige \u201eKrzysztof Holowczyc\u201c Limited Edition ist f\u00fcr diejenigen gebaut, die die bleibende Sch\u00f6nheit eines echten mechanischen Chronographen sch\u00e4tzen. Im Inneren des 42-mm-Geh\u00e4uses schl\u00e4gt die legend\u00e4re ETA Valjoux 7750, ein Uhrwerk, das von Sammlern f\u00fcr seine Zuverl\u00e4ssigkeit, seinen Charakter und seine historische Bedeutung in der Schweizer Uhrmacherkunst bewundert wird. <\/p>\n<p data-start=\"484\" data-end=\"947\">Ein tiefschwarzes Zifferblatt mit goldenen Akzenten sorgt f\u00fcr W\u00e4rme und Raffinesse, w\u00e4hrend das Saphirglas die perfekte Sichtbarkeit \u00fcber die Zeit bewahrt.<\/p>\n<hr>\n<p data-start=\"949\" data-end=\"981\"><strong data-start=\"949\" data-end=\"981\"><img loading=\"lazy\" decoding=\"async\" class=\"aligncenter wp-image-12910 size-large\" src=\"https:\/\/atlanticwatches.ch\/wp-content\/uploads\/2025\/11\/55853.46.95-1-1-1024x683.webp\" alt=\"\" width=\"1024\" height=\"683\" srcset=\"https:\/\/atlanticwatches.ch\/wp-content\/uploads\/2025\/11\/55853.46.95-1-1-1024x683.webp 1024w, https:\/\/atlanticwatches.ch\/wp-content\/uploads\/2025\/11\/55853.46.95-1-1-768x512.webp 768w, https:\/\/atlanticwatches.ch\/wp-content\/uploads\/2025\/11\/55853.46.95-1-1-640x427.webp 640w, https:\/\/atlanticwatches.ch\/wp-content\/uploads\/2025\/11\/55853.46.95-1-1-400x267.webp 400w, https:\/\/atlanticwatches.ch\/wp-content\/uploads\/2025\/11\/55853.46.95-1-1-600x400.webp 600w\" sizes=\"auto, (max-width: 1024px) 100vw, 1024px\" \/><\/strong><\/p>\n<hr>\n<p data-start=\"949\" data-end=\"981\"><strong data-start=\"949\" data-end=\"981\">Entworfen mit einer Rallye-Legende<\/strong><\/p>\n<p data-start=\"983\" data-end=\"1338\">Das Design entstand in Zusammenarbeit mit Krzysztof Holowczyc, einem der gefeiertsten Rallyefahrer Europas. Sein Einfluss zeigt sich in der ausgewogenen Geometrie des Zifferblatts, den subtilen Rennsport-Elementen und dem eleganten Selbstbewusstsein des Geh\u00e4uses. Jedes St\u00fcck wird in einer speziellen Pr\u00e4sentationsbox mit seiner Unterschrift geliefert, die das Auspacken zu einem besonderen Moment macht.  <\/p>\n<p data-start=\"1340\" data-end=\"1603\">Die Uhr wird von zwei Echtlederarmb\u00e4ndern im klassischen Rennstil begleitet: einem schwarzen Armband mit Faltschlie\u00dfe und einem braunen Armband mit Dornschlie\u00dfe. Der Wechsel zwischen ihnen verwandelt den Charakter sofort von zeitgem\u00e4\u00dfer Sportlichkeit zu warmem Vintage-Charme. <\/p>\n<p data-start=\"1605\" data-end=\"1769\">Diese auf nur 177 St\u00fcck limitierte Edition ist eine Hommage an Pr\u00e4zision, Mut und zeitloses Design \u2013 Werte, die sowohl Atlantic als auch der Mann, der sie inspiriert hat, teilen.<\/p>\n<hr>\n<p><strong><img loading=\"lazy\" decoding=\"async\" class=\"alignleft wp-image-12927 size-medium\" src=\"https:\/\/atlanticwatches.ch\/wp-content\/uploads\/2025\/11\/Kristof-Holowcycz-300x300.webp\" alt=\"\" width=\"300\" height=\"300\"><\/strong><\/p>\n<p><strong>\u00dcber Krzysztof Holowczyc<\/strong><\/p>\n<p>Krzysztof Holowczyc ist einer der erfolgreichsten und angesehensten Rallyefahrer Polens, bekannt f\u00fcr seine Pr\u00e4zision, Best\u00e4ndigkeit und seinen unverwechselbaren Charme hinter dem Steuer.<\/p>\n<p>Als Europ\u00e4ischer Rallye-Champion, mehrfacher nationaler Meister und Podiumsplatzierter der Rallye Dakar baute er eine Karriere auf, die von Disziplin, Mut und einem unerbittlichen Streben nach Exzellenz gepr\u00e4gt ist.<\/p>\n<p>Seine Partnerschaft mit Atlantic spiegelt diese gemeinsamen Werte wider \u2013 zeitlose Handwerkskunst, Engagement und eine dauerhafte Leidenschaft f\u00fcr Leistung.<\/p>\n<hr>\n<p data-start=\"1605\" data-end=\"1769\">\n","protected":false},"excerpt":{"rendered":"<p data-start=\"217\" data-end=\"502\"><strong>Eleganz mit einem Hauch von Rennsport | Limitiert auf 177 St\u00fcck<\/strong><\/p>\n<p data-start=\"217\" data-end=\"502\">Die Atlantic Worldmaster Prestige \u201eKrzysztof Ho\u0142owczyc\u201c Limited Edition verbindet Rennerbe mit Schweizer Handwerkskunst in einer Serie von nur 177 St\u00fcck.<\/p>\n<p data-start=\"217\" data-end=\"502\">Angetrieben vom seltenen Valjoux 7750-Uhrwerk, verf\u00fcgt sie \u00fcber ein 42-mm-Geh\u00e4use in Schwarz mit goldenen Akzenten, Saphirglas und eine Auswahl von zwei Lederarmb\u00e4ndern im Rennstil.<\/p>\n<p data-start=\"217\" data-end=\"502\">Geliefert in einer signierten Pr\u00e4sentationsbox, ist es ein raffinierter, eleganter Chronograph, der zusammen mit einer der gro\u00dfen Pers\u00f6nlichkeiten des Motorsports geformt wurde.<\/p>\n","protected":false},"featured_media":12903,"template":"","meta":[],"product_brand":[],"product_cat":[454,409,428,1048,453,410],"product_tag":[1581,1612,1698,1609,1578,1697],"class_list":{"0":"post-12894","1":"product","2":"type-product","3":"status-publish","4":"has-post-thumbnail","6":"product_cat-neuheiten","7":"product_cat-herren-uhren","8":"product_cat-worldmaster-de","9":"product_cat-prestige-valjoux-day-date-de","10":"product_cat-limited-edition-watches-de","11":"product_cat-inspiration-fur-sie","12":"product_tag-automatik","13":"product_tag-chronograph","14":"product_tag-krzysztof-holowczyc","15":"product_tag-limited-edition-watch","16":"product_tag-schwarz","17":"product_tag-valjoux-7750","19":"first","20":"instock","21":"shipping-taxable","22":"purchasable","23":"product-type-simple"},"_links":{"self":[{"href":"https:\/\/atlanticwatches.ch\/de\/wp-json\/wp\/v2\/product\/12894","targetHints":{"allow":["GET"]}}],"collection":[{"href":"https:\/\/atlanticwatches.ch\/de\/wp-json\/wp\/v2\/product"}],"about":[{"href":"https:\/\/atlanticwatches.ch\/de\/wp-json\/wp\/v2\/types\/product"}],"wp:featuredmedia":[{"embeddable":true,"href":"https:\/\/atlanticwatches.ch\/de\/wp-json\/wp\/v2\/media\/12903"}],"wp:attachment":[{"href":"https:\/\/atlanticwatches.ch\/de\/wp-json\/wp\/v2\/media?parent=12894"}],"wp:term":[{"taxonomy":"product_brand","embeddable":true,"href":"https:\/\/atlanticwatches.ch\/de\/wp-json\/wp\/v2\/product_brand?post=12894"},{"taxonomy":"product_cat","embeddable":true,"href":"https:\/\/atlanticwatches.ch\/de\/wp-json\/wp\/v2\/product_cat?post=12894"},{"taxonomy":"product_tag","embeddable":true,"href":"https:\/\/atlanticwatches.ch\/de\/wp-json\/wp\/v2\/product_tag?post=12894"}],"curies":[{"name":"wp","href":"https:\/\/api.w.org\/{rel}","templated":true}]}}