{"id":12508,"date":"2025-11-12T03:39:30","date_gmt":"2025-11-12T02:39:30","guid":{"rendered":"https:\/\/atlanticwatches.ch\/?post_type=product&#038;p=12508"},"modified":"2026-01-26T10:17:27","modified_gmt":"2026-01-26T09:17:27","slug":"atlantic-mariner-wave-automatic-green-steel","status":"publish","type":"product","link":"https:\/\/atlanticwatches.ch\/de\/shop\/herren-uhren\/mariner-wave\/mariner-wave-automatik\/atlantic-mariner-wave-automatic-green-steel\/","title":{"rendered":"Atlantic Mariner Wave Automatik | Gr\u00fcnes Zifferblatt"},"content":{"rendered":"<p data-start=\"426\" data-end=\"628\"><strong>Inspiriert vom Wasser. Gepr\u00e4gt vom Charakter. <\/strong><\/p>\n<p>Die Mariner Wave Automatik hat etwas Magisches. Die Art, wie das Licht \u00fcber das Zifferblatt gleitet. Das beruhigende Gewicht, wenn sie sich an Ihrem Handgelenk niederl\u00e4sst.  <\/p>\n<p>Das Design vermittelt die Ruhe des Meeres. Ein raffiniertes Wellenmuster bewegt sich sanft mit dem Licht und erinnert Sie daran, dass die Zeit, wie das Wasser, niemals stillsteht. Subtil, lebendig, immer in Bewegung.  <\/p>\n<p>St\u00e4rke und Ruhe leben hier Seite an Seite. Die Mariner Wave Automatik ist selbstbewusst, ohne aufzutragen, pr\u00e4zise, ohne sich zu verstellen. Sie passt zu jeder Umgebung. An der K\u00fcste oder in der Stadt. In der Stille oder in Bewegung.  <\/p>\n<p>Eine Uhr f\u00fcr das echte Leben. F\u00fcr Tage, die wichtig sind, und Momente, die bleiben. <\/p>\n","protected":false},"excerpt":{"rendered":"<p><strong>Gemacht f\u00fcr die Momente, die Sie bewegen.<\/strong><\/p>\n<p>Die Mariner Wave Automatic strahlt eine ruhige Energie aus.<br \/>\nIhr Zifferblatt f\u00e4ngt das Licht ein wie Wasser in Bewegung. Subtil, lebendig, m\u00fchelos.<br \/>\nDas 42-mm-Stahlgeh\u00e4use f\u00fchlt sich solide und beruhigend an, w\u00e4hrend das Schweizer Automatikwerk im Inneren f\u00fcr den perfekten Rhythmus sorgt. <\/p>\n<p>Stark genug f\u00fcr das Meer. Raffiniert genug f\u00fcr jeden Tag. <\/p>\n","protected":false},"featured_media":12422,"template":"","meta":[],"product_brand":[],"product_cat":[454,409,1579,1591,411],"product_tag":[1576,1577,1581,1593,1574,1575],"class_list":{"0":"post-12508","1":"product","2":"type-product","3":"status-publish","4":"has-post-thumbnail","6":"product_cat-neuheiten","7":"product_cat-herren-uhren","8":"product_cat-mariner-wave","9":"product_cat-mariner-wave-automatik","10":"product_cat-automatik-uhren","11":"product_tag-200m-wasserdichtigkeit","12":"product_tag-42-mm","13":"product_tag-automatik","14":"product_tag-blaue-uhr","15":"product_tag-mariner","16":"product_tag-taucheruhr","18":"first","19":"instock","20":"shipping-taxable","21":"purchasable","22":"product-type-simple"},"_links":{"self":[{"href":"https:\/\/atlanticwatches.ch\/de\/wp-json\/wp\/v2\/product\/12508","targetHints":{"allow":["GET"]}}],"collection":[{"href":"https:\/\/atlanticwatches.ch\/de\/wp-json\/wp\/v2\/product"}],"about":[{"href":"https:\/\/atlanticwatches.ch\/de\/wp-json\/wp\/v2\/types\/product"}],"wp:featuredmedia":[{"embeddable":true,"href":"https:\/\/atlanticwatches.ch\/de\/wp-json\/wp\/v2\/media\/12422"}],"wp:attachment":[{"href":"https:\/\/atlanticwatches.ch\/de\/wp-json\/wp\/v2\/media?parent=12508"}],"wp:term":[{"taxonomy":"product_brand","embeddable":true,"href":"https:\/\/atlanticwatches.ch\/de\/wp-json\/wp\/v2\/product_brand?post=12508"},{"taxonomy":"product_cat","embeddable":true,"href":"https:\/\/atlanticwatches.ch\/de\/wp-json\/wp\/v2\/product_cat?post=12508"},{"taxonomy":"product_tag","embeddable":true,"href":"https:\/\/atlanticwatches.ch\/de\/wp-json\/wp\/v2\/product_tag?post=12508"}],"curies":[{"name":"wp","href":"https:\/\/api.w.org\/{rel}","templated":true}]}}