{"id":11695,"date":"2025-06-20T10:14:47","date_gmt":"2025-06-20T08:14:47","guid":{"rendered":"https:\/\/atlanticwatches.ch\/?post_type=product&#038;p=11695"},"modified":"2025-11-16T10:14:24","modified_gmt":"2025-11-16T09:14:24","slug":"atlantic-mariner-wave-quartz-gmt-green","status":"publish","type":"product","link":"https:\/\/atlanticwatches.ch\/de\/shop\/herren-uhren\/mariner-wave\/mariner-quarz-wave-de\/atlantic-mariner-wave-quartz-gmt-green\/","title":{"rendered":"Atlantic Mariner Wave | Quarz GMT Gr\u00fcn"},"content":{"rendered":"<p data-start=\"274\" data-end=\"306\"><strong data-start=\"274\" data-end=\"306\">\u00dcber Ozeane hinweg. Durch die Zeit. <\/strong><\/p>\n<p data-start=\"308\" data-end=\"789\">Die Atlantic Mariner Quartz Wave GMT wurde f\u00fcr alle geschaffen, die immer in Bewegung sind &#8211; zwischen St\u00e4dten, \u00fcber Kontinente hinweg, \u00fcber Grenzen hinweg.<br data-start=\"444\" data-end=\"447\">Mit ihrem lebhaften Zifferblatt in Wellenstruktur, dem markanten roten GMT-Zeiger und der passenden 24-Stunden-L\u00fcnette l\u00e4sst Sie dieser in der Schweiz hergestellte Zeitmesser eine zweite Zeitzone klar und einfach verfolgen. Eine praktische Datumsanzeige bei 3 Uhr, mit Superluminova\u00ae gef\u00fcllte Zeiger und Indizes sowie ein robustes 42-mm-Edelstahlgeh\u00e4use sorgen daf\u00fcr, dass die Uhr genauso souver\u00e4n funktioniert wie sie aussieht. <\/p>\n<p data-start=\"791\" data-end=\"1085\">Gesch\u00fctzt durch ein kratzfestes Saphirglas und wasserdicht bis 200 Meter, ist dies ein Begleiter, der nicht nur f\u00fcr Reisen gebaut wurde &#8211; sondern f\u00fcr die Art und Weise, wie Sie sie leben.<br data-start=\"956\" data-end=\"959\">Erh\u00e4ltlich in kr\u00e4ftigen Farben, inspiriert vom Meer und den wechselnden T\u00f6nen der Natur, ist die Mariner GMT Pr\u00e4zision mit Zweck.<\/p>\n<p data-start=\"1087\" data-end=\"1171\"><strong data-start=\"1087\" data-end=\"1171\">Vom Sonnenaufgang bis zu den Lichtern der Stadt &#8211; eine Uhr. Zwei Zeitzonen. Unbegrenzte Ziele.  <\/strong><\/p>\n<hr>\n<p data-start=\"1087\" data-end=\"1171\"><img loading=\"lazy\" decoding=\"async\" class=\"aligncenter wp-image-12670 size-full\" src=\"https:\/\/atlanticwatches.ch\/wp-content\/uploads\/2025\/06\/Mariner-Wave-Quartz-GMT-scaled.webp\" alt=\"\" width=\"1920\" height=\"1080\" srcset=\"https:\/\/atlanticwatches.ch\/wp-content\/uploads\/2025\/06\/Mariner-Wave-Quartz-GMT-scaled.webp 1920w, https:\/\/atlanticwatches.ch\/wp-content\/uploads\/2025\/06\/Mariner-Wave-Quartz-GMT-1024x576.webp 1024w, https:\/\/atlanticwatches.ch\/wp-content\/uploads\/2025\/06\/Mariner-Wave-Quartz-GMT-768x432.webp 768w, https:\/\/atlanticwatches.ch\/wp-content\/uploads\/2025\/06\/Mariner-Wave-Quartz-GMT-1536x864.webp 1536w, https:\/\/atlanticwatches.ch\/wp-content\/uploads\/2025\/06\/Mariner-Wave-Quartz-GMT-640x360.webp 640w, https:\/\/atlanticwatches.ch\/wp-content\/uploads\/2025\/06\/Mariner-Wave-Quartz-GMT-400x225.webp 400w, https:\/\/atlanticwatches.ch\/wp-content\/uploads\/2025\/06\/Mariner-Wave-Quartz-GMT-600x338.webp 600w\" sizes=\"auto, (max-width: 1920px) 100vw, 1920px\" \/><\/p>\n","protected":false},"excerpt":{"rendered":"<p><strong>Immer p\u00fcnktlich. Wo immer Sie auch sind. <\/strong><\/p>\n<p>Die Atlantic Mariner Quartz Wave GMT ist f\u00fcr diejenigen gemacht, die zwischen den Welten leben &#8211; k\u00fchn im Design, pr\u00e4zise in der Funktion und im Herzen Schweizer.<br data-start=\"363\" data-end=\"366\">Mit der \u00dcberwachung von zwei Zeitzonen, einem Zifferblatt mit Wellenstruktur und einer 24-Stunden-L\u00fcnette ist sie Ihr zuverl\u00e4ssiger Partner f\u00fcr den t\u00e4glichen Pendlerverkehr und f\u00fcr Fernreisen.<\/p>\n<p><strong data-start=\"508\" data-end=\"575\">W\u00e4hlen Sie Ihre Farbe. Besitzen Sie Ihre Zeit. Entdecken Sie jetzt die Kollektion.  <\/strong><\/p>\n","protected":false},"featured_media":12637,"template":"","meta":[],"product_brand":[],"product_cat":[409,1481,457],"product_tag":[1576,1577,1514,1660,1574,1604,1575],"class_list":{"0":"post-11695","1":"product","2":"type-product","3":"status-publish","4":"has-post-thumbnail","6":"product_cat-herren-uhren","7":"product_cat-mariner-quarz-wave-de","8":"product_cat-quarz-uhren","9":"product_tag-200m-wasserdichtigkeit","10":"product_tag-42-mm","11":"product_tag-gmt-de","12":"product_tag-grune-uhr","13":"product_tag-mariner","14":"product_tag-sports-watch","15":"product_tag-taucheruhr","17":"first","18":"instock","19":"shipping-taxable","20":"purchasable","21":"product-type-simple"},"_links":{"self":[{"href":"https:\/\/atlanticwatches.ch\/de\/wp-json\/wp\/v2\/product\/11695","targetHints":{"allow":["GET"]}}],"collection":[{"href":"https:\/\/atlanticwatches.ch\/de\/wp-json\/wp\/v2\/product"}],"about":[{"href":"https:\/\/atlanticwatches.ch\/de\/wp-json\/wp\/v2\/types\/product"}],"wp:featuredmedia":[{"embeddable":true,"href":"https:\/\/atlanticwatches.ch\/de\/wp-json\/wp\/v2\/media\/12637"}],"wp:attachment":[{"href":"https:\/\/atlanticwatches.ch\/de\/wp-json\/wp\/v2\/media?parent=11695"}],"wp:term":[{"taxonomy":"product_brand","embeddable":true,"href":"https:\/\/atlanticwatches.ch\/de\/wp-json\/wp\/v2\/product_brand?post=11695"},{"taxonomy":"product_cat","embeddable":true,"href":"https:\/\/atlanticwatches.ch\/de\/wp-json\/wp\/v2\/product_cat?post=11695"},{"taxonomy":"product_tag","embeddable":true,"href":"https:\/\/atlanticwatches.ch\/de\/wp-json\/wp\/v2\/product_tag?post=11695"}],"curies":[{"name":"wp","href":"https:\/\/api.w.org\/{rel}","templated":true}]}}