{"id":10701,"date":"2020-10-26T12:11:53","date_gmt":"2020-10-26T11:11:53","guid":{"rendered":"https:\/\/atlanticwatches.ch\/shop\/unkategorisiert\/seapair-damen-gelbgold-pvd\/"},"modified":"2020-10-26T12:11:53","modified_gmt":"2020-10-26T11:11:53","slug":"seapair-damen-gelbgold-pvd","status":"publish","type":"product","link":"https:\/\/atlanticwatches.ch\/de\/shop\/damen-uhren\/seapair-ladies-de\/seapair-damen-gelbgold-pvd\/","title":{"rendered":"Seapair Damen Gelbgold PVD"},"content":{"rendered":"","protected":false},"excerpt":{"rendered":"<p>Die Atlantic Seapair Kollektion bietet passende Modelle f\u00fcr Damen und Herren. Modernes und zeitloses Design sorgen f\u00fcr einen eleganten und klassischen Look f\u00fcr jede Gelegenheit &#8211; Tag und Nacht. <\/p>\n","protected":false},"featured_media":959,"template":"","meta":[],"product_brand":[],"product_cat":[436,452,457],"product_tag":[],"class_list":{"0":"post-10701","1":"product","2":"type-product","3":"status-publish","4":"has-post-thumbnail","6":"product_cat-damen-uhren","7":"product_cat-seapair-ladies-de","8":"product_cat-quarz-uhren","10":"first","11":"instock","12":"shipping-taxable","13":"purchasable","14":"product-type-simple"},"_links":{"self":[{"href":"https:\/\/atlanticwatches.ch\/de\/wp-json\/wp\/v2\/product\/10701","targetHints":{"allow":["GET"]}}],"collection":[{"href":"https:\/\/atlanticwatches.ch\/de\/wp-json\/wp\/v2\/product"}],"about":[{"href":"https:\/\/atlanticwatches.ch\/de\/wp-json\/wp\/v2\/types\/product"}],"wp:featuredmedia":[{"embeddable":true,"href":"https:\/\/atlanticwatches.ch\/de\/wp-json\/wp\/v2\/media\/959"}],"wp:attachment":[{"href":"https:\/\/atlanticwatches.ch\/de\/wp-json\/wp\/v2\/media?parent=10701"}],"wp:term":[{"taxonomy":"product_brand","embeddable":true,"href":"https:\/\/atlanticwatches.ch\/de\/wp-json\/wp\/v2\/product_brand?post=10701"},{"taxonomy":"product_cat","embeddable":true,"href":"https:\/\/atlanticwatches.ch\/de\/wp-json\/wp\/v2\/product_cat?post=10701"},{"taxonomy":"product_tag","embeddable":true,"href":"https:\/\/atlanticwatches.ch\/de\/wp-json\/wp\/v2\/product_tag?post=10701"}],"curies":[{"name":"wp","href":"https:\/\/api.w.org\/{rel}","templated":true}]}}