{"id":10664,"date":"2020-11-01T10:35:15","date_gmt":"2020-11-01T09:35:15","guid":{"rendered":"https:\/\/atlanticwatches.ch\/shop\/unkategorisiert\/sealine-herren-chrono-blau-am-lederarmband\/"},"modified":"2020-11-01T10:35:15","modified_gmt":"2020-11-01T09:35:15","slug":"sealine-herren-chrono-blau-am-lederarmband","status":"publish","type":"product","link":"https:\/\/atlanticwatches.ch\/de\/shop\/herren-uhren\/sealine-gents-de\/sealine-herren-chrono-blau-am-lederarmband\/","title":{"rendered":"Sealine Herren Chrono Blau am Lederarmband"},"content":{"rendered":"","protected":false},"excerpt":{"rendered":"<p><strong>Entdecken Sie den Inbegriff von Eleganz und Pr\u00e4zision mit der Atlantic Sealine Gents Chrono Collection.<\/strong><\/p>\n<p>Jeder Zeitmesser dieser Kollektion ist ein Meisterwerk des Designs und der Funktionalit\u00e4t und wurde f\u00fcr diejenigen geschaffen, die die feinen Dinge des Lebens sch\u00e4tzen.<\/p>\n<p>Mit ihrem Geh\u00e4use aus poliertem Edelstahl und einer exquisiten PVD-Beschichtung in Gelbgold sind diese Chronographen mehr als nur Uhren, sie sind ein Statement f\u00fcr Stil.<\/p>\n<p>Das Herzst\u00fcck jeder Uhr ist das renommierte ETA G10.212 Quarzwerk, das f\u00fcr eine unvergleichliche Genauigkeit bei der Zeitmessung sorgt.<\/p>\n<p>Die Atlantic Sealine Gents Chrono Collection wurde f\u00fcr den modernen Gentleman entworfen und bietet die perfekte Mischung aus Schweizer Handwerkskunst und zeitgen\u00f6ssischer \u00c4sthetik.<\/p>\n<p>Erleben Sie jeden Tag Luxus und Zuverl\u00e4ssigkeit, zu einem Preis, der so attraktiv ist wie die Uhren selbst.<\/p>\n","protected":false},"featured_media":8376,"template":"","meta":[],"product_brand":[],"product_cat":[409,417,457],"product_tag":[],"class_list":{"0":"post-10664","1":"product","2":"type-product","3":"status-publish","4":"has-post-thumbnail","6":"product_cat-herren-uhren","7":"product_cat-sealine-gents-de","8":"product_cat-quarz-uhren","10":"first","11":"instock","12":"shipping-taxable","13":"purchasable","14":"product-type-simple"},"_links":{"self":[{"href":"https:\/\/atlanticwatches.ch\/de\/wp-json\/wp\/v2\/product\/10664","targetHints":{"allow":["GET"]}}],"collection":[{"href":"https:\/\/atlanticwatches.ch\/de\/wp-json\/wp\/v2\/product"}],"about":[{"href":"https:\/\/atlanticwatches.ch\/de\/wp-json\/wp\/v2\/types\/product"}],"wp:featuredmedia":[{"embeddable":true,"href":"https:\/\/atlanticwatches.ch\/de\/wp-json\/wp\/v2\/media\/8376"}],"wp:attachment":[{"href":"https:\/\/atlanticwatches.ch\/de\/wp-json\/wp\/v2\/media?parent=10664"}],"wp:term":[{"taxonomy":"product_brand","embeddable":true,"href":"https:\/\/atlanticwatches.ch\/de\/wp-json\/wp\/v2\/product_brand?post=10664"},{"taxonomy":"product_cat","embeddable":true,"href":"https:\/\/atlanticwatches.ch\/de\/wp-json\/wp\/v2\/product_cat?post=10664"},{"taxonomy":"product_tag","embeddable":true,"href":"https:\/\/atlanticwatches.ch\/de\/wp-json\/wp\/v2\/product_tag?post=10664"}],"curies":[{"name":"wp","href":"https:\/\/api.w.org\/{rel}","templated":true}]}}