{"id":10228,"date":"2020-10-26T17:11:49","date_gmt":"2020-10-26T16:11:49","guid":{"rendered":"https:\/\/atlanticwatches.ch\/shop\/unkategorisiert\/worldmaster-original-automatic-cream\/"},"modified":"2020-10-26T17:11:49","modified_gmt":"2020-10-26T16:11:49","slug":"worldmaster-original-automatic-cream","status":"publish","type":"product","link":"https:\/\/atlanticwatches.ch\/de\/shop\/herren-uhren\/worldmaster-de\/worldmaster-original-de\/worldmaster-original-automatic-cream\/","title":{"rendered":"Worldmaster Original Automatic Cream"},"content":{"rendered":"","protected":false},"excerpt":{"rendered":"<p>Mit der Atlantic Worldmaster Original h\u00e4lt ein echtes Original Einzug in die Gegenwart. Ein Zifferblatt im Stil der 50er Jahre, ein typisches Geh\u00e4use und ein gew\u00f6lbtes Saphirglas lassen den Geist einer vergangenen Epoche wieder aufleben.<\/p>\n<p>Die Neuauflage der Worldmaster Original ist eine klassische, sch\u00f6ne, authentische Uhr, eine wertvolle Erg\u00e4nzung jeder Uhrensammlung und ein Blickfang an jedem Handgelenk.<\/p>\n","protected":false},"featured_media":1517,"template":"","meta":[],"product_brand":[],"product_cat":[409,428,434,411],"product_tag":[],"class_list":{"0":"post-10228","1":"product","2":"type-product","3":"status-publish","4":"has-post-thumbnail","6":"product_cat-herren-uhren","7":"product_cat-worldmaster-de","8":"product_cat-worldmaster-original-de","9":"product_cat-automatik-uhren","11":"first","12":"instock","13":"shipping-taxable","14":"purchasable","15":"product-type-simple"},"_links":{"self":[{"href":"https:\/\/atlanticwatches.ch\/de\/wp-json\/wp\/v2\/product\/10228","targetHints":{"allow":["GET"]}}],"collection":[{"href":"https:\/\/atlanticwatches.ch\/de\/wp-json\/wp\/v2\/product"}],"about":[{"href":"https:\/\/atlanticwatches.ch\/de\/wp-json\/wp\/v2\/types\/product"}],"wp:featuredmedia":[{"embeddable":true,"href":"https:\/\/atlanticwatches.ch\/de\/wp-json\/wp\/v2\/media\/1517"}],"wp:attachment":[{"href":"https:\/\/atlanticwatches.ch\/de\/wp-json\/wp\/v2\/media?parent=10228"}],"wp:term":[{"taxonomy":"product_brand","embeddable":true,"href":"https:\/\/atlanticwatches.ch\/de\/wp-json\/wp\/v2\/product_brand?post=10228"},{"taxonomy":"product_cat","embeddable":true,"href":"https:\/\/atlanticwatches.ch\/de\/wp-json\/wp\/v2\/product_cat?post=10228"},{"taxonomy":"product_tag","embeddable":true,"href":"https:\/\/atlanticwatches.ch\/de\/wp-json\/wp\/v2\/product_tag?post=10228"}],"curies":[{"name":"wp","href":"https:\/\/api.w.org\/{rel}","templated":true}]}}