{"id":10044,"date":"2025-01-30T05:16:28","date_gmt":"2025-01-30T04:16:28","guid":{"rendered":"https:\/\/atlanticwatches.ch\/?post_type=product&#038;p=10044"},"modified":"2025-01-30T05:26:25","modified_gmt":"2025-01-30T04:26:25","slug":"elegance-moonphase-edelstahl-blau-8200-copy","status":"publish","type":"product","link":"https:\/\/atlanticwatches.ch\/de\/shop\/damen-uhren\/elegance-de\/elegance-moonphase-de\/elegance-moonphase-edelstahl-blau-8200-copy\/","title":{"rendered":"Elegance Moonphase Black Steel"},"content":{"rendered":"","protected":false},"excerpt":{"rendered":"<p>Die Atlantic Ladies&#8216; Elegance Moonphase Collection ist ein echter Blickfang. Das zeitlose und zugleich hochmoderne Aussehen, das filigrane Design und die 12 Zirkoniasteine auf dem Zifferblatt unterstreichen die Sch\u00f6nheit dieses Zeitmessers. Das polierte Edelstahlgeh\u00e4use sch\u00fctzt das ETA F05.841 Uhrwerk mit Mondphasen-Komplikation.<\/p>\n","protected":false},"featured_media":10046,"template":"","meta":[],"product_brand":[],"product_cat":[436,437,449,457],"product_tag":[],"class_list":{"0":"post-10044","1":"product","2":"type-product","3":"status-publish","4":"has-post-thumbnail","6":"product_cat-damen-uhren","7":"product_cat-elegance-de","8":"product_cat-elegance-moonphase-de","9":"product_cat-quarz-uhren","11":"first","12":"instock","13":"shipping-taxable","14":"purchasable","15":"product-type-simple"},"_links":{"self":[{"href":"https:\/\/atlanticwatches.ch\/de\/wp-json\/wp\/v2\/product\/10044","targetHints":{"allow":["GET"]}}],"collection":[{"href":"https:\/\/atlanticwatches.ch\/de\/wp-json\/wp\/v2\/product"}],"about":[{"href":"https:\/\/atlanticwatches.ch\/de\/wp-json\/wp\/v2\/types\/product"}],"wp:featuredmedia":[{"embeddable":true,"href":"https:\/\/atlanticwatches.ch\/de\/wp-json\/wp\/v2\/media\/10046"}],"wp:attachment":[{"href":"https:\/\/atlanticwatches.ch\/de\/wp-json\/wp\/v2\/media?parent=10044"}],"wp:term":[{"taxonomy":"product_brand","embeddable":true,"href":"https:\/\/atlanticwatches.ch\/de\/wp-json\/wp\/v2\/product_brand?post=10044"},{"taxonomy":"product_cat","embeddable":true,"href":"https:\/\/atlanticwatches.ch\/de\/wp-json\/wp\/v2\/product_cat?post=10044"},{"taxonomy":"product_tag","embeddable":true,"href":"https:\/\/atlanticwatches.ch\/de\/wp-json\/wp\/v2\/product_tag?post=10044"}],"curies":[{"name":"wp","href":"https:\/\/api.w.org\/{rel}","templated":true}]}}