{"id":5217,"date":"2020-10-04T18:09:00","date_gmt":"2020-10-04T16:09:00","guid":{"rendered":"https:\/\/atlanticwatches.ch\/general-terms-conditions\/"},"modified":"2025-02-17T11:51:37","modified_gmt":"2025-02-17T10:51:37","slug":"general-terms-conditions","status":"publish","type":"page","link":"https:\/\/atlanticwatches.ch\/de\/general-terms-conditions\/","title":{"rendered":"Allgemeine Gesch\u00e4ftsbedingungen"},"content":{"rendered":"<h3><strong>Allgemeine Gesch\u00e4ftsbedingungen<\/strong><\/h3>\n<h4><strong>1. Allgemeines<\/strong><\/h4>\n<ol>\n<li>Diese Verkaufs- und Lieferbedingungen gelten weltweit f\u00fcr den Verkauf und die Lieferung der auf dieser Website angebotenen Produkte und Dienstleistungen. Bitte lesen Sie diese sorgf\u00e4ltig durch, bevor Sie eine Bestellung aufgeben. Mit Ihrer Bestellung erkl\u00e4ren Sie sich mit den folgenden Bedingungen einverstanden.<\/li>\n<li>Nach Abschluss Ihrer Bestellung klicken Sie bitte auf den angegebenen Button \u201eIch akzeptiere die Verkaufs- und Lieferbedingungen sowie die Datenschutzbestimmungen von ATLANTIC\u201c, sofern Sie diesen zustimmen. Bitte beachten Sie, dass eine Bestellung nicht m\u00f6glich ist, wenn Sie diesen Bedingungen nicht zustimmen.<\/li>\n<li>Diese Website wird von ATLANTIC WATCH LTD., Solothurnstrasse 44, 2543 Lengnau (\u201eATLANTIC\u201c, \u201ewir\u201c, \u201euns\u201c, \u201eunser\u201c) betrieben. Telefon: 032 625 18 88. E-Mail: <a href=\"mailto:info@atlantic-watch.ch\">info@atlantic-watch.ch<\/a>.<\/li>\n<li>ATLANTIC bem\u00fcht sich, die Formen und Farben der auf dieser Website dargestellten Produkte m\u00f6glichst originalgetreu wiederzugeben. Bitte beachten Sie, dass diese Darstellungen je nach Bildschirm variieren k\u00f6nnen und daher geringf\u00fcgige Abweichungen vom Originalprodukt auftreten k\u00f6nnen.<\/li>\n<\/ol>\n<hr \/>\n<h4><strong>2. Ihr Status<\/strong><\/h4>\n<p>Mit der Aufgabe einer Bestellung auf unserer Website garantieren Sie Folgendes:<\/p>\n<ol>\n<li>Sie sind in der Lage, rechtsverbindliche Vertr\u00e4ge abzuschlie\u00dfen.<\/li>\n<li>Sie sind mindestens 18 Jahre alt.<\/li>\n<li>Sie sind eine Privatperson und kaufen die Produkte ausschlie\u00dflich f\u00fcr nicht-kommerzielle Zwecke.<\/li>\n<\/ol>\n<hr \/>\n<h4><strong>3. Warenkauf und Bestellvorgang<\/strong><\/h4>\n<ol>\n<li>Ihre Bestellung auf dieser Website gilt als Angebot zum Kauf des Produkts gem\u00e4\u00df den Verkaufs- und Lieferbedingungen.<\/li>\n<li>Nach Eingang Ihrer Bestellung erhalten Sie eine E-Mail-Best\u00e4tigung, dass wir Ihre Bestellung erhalten haben. Diese Best\u00e4tigung stellt jedoch noch keine Annahme Ihrer Bestellung dar.<\/li>\n<li>Bestellungen unterliegen der Annahme durch ATLANTIC.<\/li>\n<li>Die angegebenen Lieferzeiten sind unverbindlich, es sei denn, ATLANTIC best\u00e4tigt sie ausdr\u00fccklich schriftlich als verbindlich.<\/li>\n<li>Falls ein bestelltes Produkt nicht verf\u00fcgbar ist, informieren wir Sie per E-Mail. Sie haben dann die M\u00f6glichkeit, auf das Produkt zu warten oder die Bestellung zu stornieren.<\/li>\n<li>Die Annahme Ihrer Bestellung erfolgt mit der Zusendung der Auftragsbest\u00e4tigung per E-Mail. Erst damit kommt ein verbindlicher Vertrag zustande.<\/li>\n<li>Der Vertrag gilt nur f\u00fcr die Produkte, die in unserer Auftragsbest\u00e4tigung aufgef\u00fchrt sind. Wir sind nicht verpflichtet, weitere Produkte zu liefern, die m\u00f6glicherweise in Ihrer Bestellung enthalten waren, es sei denn, wir haben dies ausdr\u00fccklich in einer separaten Auftragsbest\u00e4tigung best\u00e4tigt.<\/li>\n<\/ol>\n<hr \/>\n<h4><strong>4. Preise und Zahlung<\/strong><\/h4>\n<ol>\n<li>Die Preise f\u00fcr Produkte entsprechen den auf der Website angegebenen Preisen, es sei denn, es liegt ein offensichtlicher Fehler vor. Alle Preise verstehen sich exklusive Mehrwertsteuer. Bitte beachten Sie, dass Zollgeb\u00fchren und zus\u00e4tzliche Steuern wie die Mehrwertsteuer im Empf\u00e4ngerland vom Kunden zu tragen sind.<\/li>\n<li>Unsere Website enth\u00e4lt eine gro\u00dfe Anzahl von Produkten, und trotz sorgf\u00e4ltiger Kontrolle kann es vorkommen, dass einige Preise fehlerhaft angezeigt werden. Sollte der tats\u00e4chliche Preis niedriger als der angegebene sein, berechnen wir den niedrigeren Preis. Ist der tats\u00e4chliche Preis h\u00f6her, kontaktieren wir Sie vor dem Versand oder lehnen Ihre Bestellung ab und informieren Sie dar\u00fcber.<\/li>\n<li>Wir sind nicht verpflichtet, ein Produkt zu einem offensichtlich falschen Preis zu liefern, wenn der Preisfehler erkennbar ist, selbst wenn bereits eine Bestellbest\u00e4tigung versandt wurde.<\/li>\n<li>Zahlungen erfolgen mit den w\u00e4hrend des Bestellvorgangs angegebenen Kredit- oder Debitkarten. In der Schweiz und Liechtenstein ist auch Vorkasse m\u00f6glich. Die Zahlung muss vor dem Versand der Ware erfolgen.<\/li>\n<li>Alle Kreditkartenzahlungen unterliegen einer Pr\u00fcfung durch die Kreditkartenunternehmen. Die hierf\u00fcr erforderlichen personenbezogenen Daten k\u00f6nnen an Dritte weitergegeben werden. Wird die Zahlung nicht genehmigt, \u00fcbernehmen wir keine Haftung f\u00fcr Verz\u00f6gerungen oder Nichtlieferungen.<\/li>\n<\/ol>\n<hr \/>\n<h4><strong>5. Lieferung<\/strong><\/h4>\n<ol>\n<li>Die Versanddetails werden per E-Mail best\u00e4tigt. Die Lieferung erfolgt in der Regel innerhalb von 3 bis 5 Werktagen ab Bestelldatum, sofern keine abweichenden Vereinbarungen getroffen wurden.<\/li>\n<li>Die Lieferadresse entspricht der in der Bestellbest\u00e4tigung angegebenen Adresse. Wir liefern nur in ausgew\u00e4hlte L\u00e4nder, die w\u00e4hrend des Registrierungsprozesses w\u00e4hlbar sind.<\/li>\n<li>ATLANTIC \u00fcbernimmt die Transportkosten. Eventuelle Zollgeb\u00fchren sind vom Kunden zu tragen.<\/li>\n<\/ol>\n<hr \/>\n<h4><strong>6. Eigentums- und Gefahren\u00fcbergang<\/strong><\/h4>\n<ol>\n<li>Das Eigentum am Produkt geht erst mit vollst\u00e4ndiger Bezahlung des Kaufpreises oder mit der Lieferung auf Sie \u00fcber, je nachdem, welches Ereignis sp\u00e4ter eintritt.<\/li>\n<li>Die Gefahr des Verlusts oder der Besch\u00e4digung des Produkts geht mit der Lieferung auf Sie \u00fcber.<\/li>\n<\/ol>\n<hr \/>\n<h4><strong>7. Garantie<\/strong><\/h4>\n<ol>\n<li>Bei Sch\u00e4den oder Verlusten an Produkten wird ATLANTIC diese automatisch reparieren oder ersetzen, sobald die besch\u00e4digten oder fehlerhaften Produkte zur\u00fcckgesendet wurden.<\/li>\n<li>Garantieleistung f\u00fcr Uhren: Alle auf dieser Website angebotenen Uhren haben eine internationale 24-monatige Garantie von ATLANTIC WATCH LTD. gegen Material- oder Herstellungsfehler. Die vollst\u00e4ndigen Garantiebedingungen finden Sie in der internationalen Bedienungsanleitung.<\/li>\n<li>Garantieanspr\u00fcche k\u00f6nnen entweder \u00fcber einen autorisierten ATLANTIC-H\u00e4ndler oder direkt bei ATLANTIC geltend gemacht werden.<\/li>\n<\/ol>\n<hr \/>\n<h4><strong>8. Haftung<\/strong><\/h4>\n<ol>\n<li>ATLANTIC haftet nur f\u00fcr Sch\u00e4den, wenn vors\u00e4tzliches oder grob fahrl\u00e4ssiges Verhalten nachgewiesen wird. Diese Haftungsbeschr\u00e4nkung gilt nicht f\u00fcr Sch\u00e4den an Leben, K\u00f6rper oder Gesundheit.<\/li>\n<\/ol>\n<hr \/>\n<h4><strong>9. Sonstiges<\/strong><\/h4>\n<ol>\n<li>Die Rechte und Pflichten aus diesem Vertrag sind f\u00fcr beide Vertragsparteien bindend. Eine Abtretung oder \u00dcbertragung von Rechten ist ohne unsere vorherige schriftliche Zustimmung nicht gestattet.<\/li>\n<li>Elektronische Kommunikation: Durch die Nutzung unserer Website erkl\u00e4ren Sie sich damit einverstanden, dass die Kommunikation mit uns auf elektronischem Wege erfolgt.<\/li>\n<li>Gerichtsstand und anwendbares Recht: Es gilt Schweizer Recht unter Ausschluss des UN-Kaufrechts (CISG). Ausschlie\u00dflicher Gerichtsstand ist Biel\/Bienne, sofern gesetzlich zul\u00e4ssig.<\/li>\n<\/ol>\n","protected":false},"excerpt":{"rendered":"<p>Allgemeine Gesch\u00e4ftsbedingungen 1. Allgemeines Diese Verkaufs- und Lieferbedingungen gelten weltweit f\u00fcr den Verkauf und die Lieferung der auf dieser Website angebotenen Produkte und Dienstleistungen. Bitte lesen Sie diese sorgf\u00e4ltig durch, bevor Sie eine Bestellung aufgeben. Mit Ihrer Bestellung erkl\u00e4ren Sie sich mit den folgenden Bedingungen einverstanden. Nach Abschluss Ihrer Bestellung klicken Sie bitte auf den [&hellip;]<\/p>\n","protected":false},"author":9,"featured_media":2176,"parent":0,"menu_order":0,"comment_status":"closed","ping_status":"closed","template":"","meta":{"footnotes":""},"class_list":["post-5217","page","type-page","status-publish","has-post-thumbnail","hentry"],"_links":{"self":[{"href":"https:\/\/atlanticwatches.ch\/de\/wp-json\/wp\/v2\/pages\/5217","targetHints":{"allow":["GET"]}}],"collection":[{"href":"https:\/\/atlanticwatches.ch\/de\/wp-json\/wp\/v2\/pages"}],"about":[{"href":"https:\/\/atlanticwatches.ch\/de\/wp-json\/wp\/v2\/types\/page"}],"author":[{"embeddable":true,"href":"https:\/\/atlanticwatches.ch\/de\/wp-json\/wp\/v2\/users\/9"}],"replies":[{"embeddable":true,"href":"https:\/\/atlanticwatches.ch\/de\/wp-json\/wp\/v2\/comments?post=5217"}],"version-history":[{"count":0,"href":"https:\/\/atlanticwatches.ch\/de\/wp-json\/wp\/v2\/pages\/5217\/revisions"}],"wp:featuredmedia":[{"embeddable":true,"href":"https:\/\/atlanticwatches.ch\/de\/wp-json\/wp\/v2\/media\/2176"}],"wp:attachment":[{"href":"https:\/\/atlanticwatches.ch\/de\/wp-json\/wp\/v2\/media?parent=5217"}],"curies":[{"name":"wp","href":"https:\/\/api.w.org\/{rel}","templated":true}]}}