{"id":5216,"date":"2020-10-04T18:20:30","date_gmt":"2020-10-04T16:20:30","guid":{"rendered":"https:\/\/atlanticwatches.ch\/data-protection\/"},"modified":"2025-02-17T13:06:58","modified_gmt":"2025-02-17T12:06:58","slug":"data-protection","status":"publish","type":"page","link":"https:\/\/atlanticwatches.ch\/de\/data-protection\/","title":{"rendered":"Datenschutzerkl\u00e4rung"},"content":{"rendered":"<h3>Datenschutzerkl\u00e4rung<\/h3>\n<p>ATLANTIC WATCH LTD, Solothurnstrasse 44, 2543 Lengnau, Schweiz (\u201eAtlantic\u201c, \u201ewir\u201c, \u201euns\u201c, \u201eunser\u201c) nimmt den Schutz Ihrer Privatsph\u00e4re und die Sicherheit Ihrer pers\u00f6nlichen Daten sehr ernst. Diese Datenschutzerkl\u00e4rung bildet zusammen mit unseren Nutzungsbedingungen die Grundlage f\u00fcr die Erhebung, Nutzung und den Schutz Ihrer pers\u00f6nlichen Daten, wenn Sie unsere Website (\u201edie Website\u201c) besuchen, und erl\u00e4utert unsere Verwendung von Cookies. Die Verarbeitung Ihrer pers\u00f6nlichen Daten erfolgt stets in \u00dcbereinstimmung mit den geltenden Datenschutzgesetzen und f\u00fcr die nachfolgend beschriebenen Zwecke.<\/p>\n<h3>1. Erhobene Datenarten<\/h3>\n<p>Wir k\u00f6nnen die folgenden Daten \u00fcber Sie erfassen und verarbeiten:<\/p>\n<ul>\n<li><strong>Informationen, die Sie uns zur Verf\u00fcgung stellen<\/strong>, wenn Sie Formulare auf unserer Website ausf\u00fcllen. Dazu geh\u00f6ren Daten, die Sie unserem Kundendienst bei der Registrierung f\u00fcr ein Konto, bei der Bestellung von Waren oder bei der Anforderung weiterer Dienstleistungen mitteilen.<\/li>\n<li><strong>Aufzeichnungen der Korrespondenz<\/strong>, falls Sie uns aus irgendeinem Grund kontaktieren.<\/li>\n<li><strong>Nutzungsdaten der Website<\/strong>, wie IP-Adressen, Browserinformationen und der Domainname der verweisenden Website. Diese Daten dienen der Analyse und Verbesserung der Website und identifizieren Sie nicht pers\u00f6nlich.<\/li>\n<\/ul>\n<h3>2. Standort Ihrer pers\u00f6nlichen Daten<\/h3>\n<p>Ihre pers\u00f6nlichen Daten k\u00f6nnen zu sicheren Standorten in der Schweiz oder anderen Orten innerhalb oder au\u00dferhalb des Europ\u00e4ischen Wirtschaftsraums (\u201eEWR\u201c) \u00fcbertragen und dort gespeichert werden. Wenn Ihre Daten au\u00dferhalb des EWR \u00fcbertragen werden, stellen wir sicher, dass geeignete Schutzma\u00dfnahmen, wie Standardvertragsklauseln, zum Schutz Ihrer Daten vorhanden sind.<\/p>\n<p>Alle Daten, die Sie uns zur Verf\u00fcgung stellen, werden auf unseren sicheren Servern gespeichert. Wenn wir Ihnen ein Passwort zur Verf\u00fcgung stellen oder Sie selbst eines w\u00e4hlen, sind Sie daf\u00fcr verantwortlich, dieses vertraulich zu behandeln.<\/p>\n<h3>3. Nutzung der Daten<\/h3>\n<p>Wir k\u00f6nnen Ihre pers\u00f6nlichen Daten f\u00fcr folgende Zwecke verwenden:<\/p>\n<ul>\n<li>Zur Bereitstellung von Informationen, Produkten oder Dienstleistungen, die Sie von uns angefordert haben.<\/li>\n<li>Zur Erf\u00fcllung unserer vertraglichen Verpflichtungen Ihnen gegen\u00fcber.<\/li>\n<li>Um Ihre Teilnahme an interaktiven Diensten zu erm\u00f6glichen, wenn Sie dies w\u00fcnschen.<\/li>\n<li>Um Sie \u00fcber \u00c4nderungen an unseren Dienstleistungen oder Produkten zu informieren.<\/li>\n<li>Zur Verwaltung Ihres Kontos und Bereitstellung von Kundensupport.<\/li>\n<li>Um Sie \u00fcber die Ergebnisse von Online-Wettbewerben zu informieren.<\/li>\n<li>Um Ihnen Umfragen zur Bewertung Ihrer Zufriedenheit mit unseren Dienstleistungen, Produkten und Ihrem Gesamterlebnis zuzusenden.<\/li>\n<li>Wenn Sie ein bestehender Kunde sind, k\u00f6nnen wir Sie elektronisch (z. B. per E-Mail, SMS, APP) mit Informationen \u00fcber \u00e4hnliche Waren und Dienstleistungen kontaktieren, die Sie bereits bei uns gekauft haben.<\/li>\n<\/ul>\n<h3>4. Weitergabe Ihrer Daten<\/h3>\n<p>Wir k\u00f6nnen Ihre pers\u00f6nlichen Daten in den folgenden F\u00e4llen an Dritte weitergeben:<\/p>\n<ul>\n<li><strong>Dienstleister<\/strong>: An Dritte, die uns bei der Verwaltung unserer Website unterst\u00fctzen, wie IT-Dienstleister, Logistikunternehmen und Marketingagenturen. Diese Dritten sind verpflichtet, das gleiche Ma\u00df an Sicherheit f\u00fcr Ihre Daten zu gew\u00e4hrleisten wie Atlantic.<\/li>\n<li><strong>Gesch\u00e4ftstransaktionen<\/strong>: Im Falle einer Fusion, eines Verkaufs oder Kaufs von Verm\u00f6genswerten k\u00f6nnen wir Ihre pers\u00f6nlichen Daten an den K\u00e4ufer oder Verk\u00e4ufer weitergeben.<\/li>\n<li><strong>Gesetzliche Verpflichtungen<\/strong>: Wenn es gesetzlich vorgeschrieben ist oder um die Rechte, das Eigentum oder die Sicherheit von Atlantic, unserer Kunden oder anderen Personen zu sch\u00fctzen. Dies schlie\u00dft den Austausch von Informationen mit anderen Unternehmen und Organisationen zum Schutz vor Betrug und zur Reduzierung von Kreditrisiken ein.<\/li>\n<\/ul>\n<h3>5. Ihre Rechte<\/h3>\n<p>Sie haben das Recht:<\/p>\n<ul>\n<li>Ihre pers\u00f6nlichen Daten einzusehen und eine Kopie zu verlangen.<\/li>\n<li>Die Berichtigung oder L\u00f6schung Ihrer pers\u00f6nlichen Daten zu verlangen.<\/li>\n<li>Der Verarbeitung Ihrer pers\u00f6nlichen Daten zu widersprechen oder deren Verarbeitung einzuschr\u00e4nken.<\/li>\n<li>Die \u00dcbertragbarkeit Ihrer Daten zu verlangen, falls anwendbar.<\/li>\n<li>Ihre Einwilligung f\u00fcr Marketingzwecke jederzeit zu widerrufen, indem Sie uns unter <a rel=\"noopener\">info@atlantic-watch.ch<\/a> kontaktieren.<\/li>\n<\/ul>\n<p>Um Ihre Rechte auszu\u00fcben, kontaktieren Sie uns bitte unter:<br \/>\n<strong>ATLANTIC WATCH LTD<\/strong><br \/>\nSolothurnstrasse 44, 2543 Lengnau, Schweiz<br \/>\noder per E-Mail an <a rel=\"noopener\">info@atlantic-watch.ch<\/a>.<\/p>\n<h3>6. Cookies und Spyware<\/h3>\n<p>Wir verwenden Cookies, um Ihre Erfahrung auf unserer Website zu verbessern. Ein Cookie ist eine kleine Textdatei, die auf Ihrem Ger\u00e4t gespeichert wird und uns hilft, Ihre Pr\u00e4ferenzen zu erkennen.<\/p>\n<ul>\n<li><strong>Cookie-Einstellungen<\/strong>: Die meisten Browser erlauben es Ihnen, die Cookie-Einstellungen zu steuern, einschlie\u00dflich des Blockierens neuer Cookies oder des L\u00f6schens bereits vorhandener Cookies. Das Blockieren oder L\u00f6schen von Cookies kann jedoch die Funktionalit\u00e4t der Website beeintr\u00e4chtigen.<\/li>\n<li><strong>Kein Spyware-Einsatz<\/strong>: Wir verwenden keine Spyware oder \u00e4hnliche Technologien, um auf Daten auf Ihrem Ger\u00e4t zuzugreifen.<\/li>\n<\/ul>\n<h3>7. \u00c4nderungen dieser Datenschutzerkl\u00e4rung<\/h3>\n<p>Wir k\u00f6nnen diese Datenschutzerkl\u00e4rung von Zeit zu Zeit aktualisieren. Alle \u00c4nderungen werden auf dieser Seite ver\u00f6ffentlicht und, falls angemessen, per E-Mail an Sie \u00fcbermittelt. Bitte besuchen Sie diese Seite regelm\u00e4\u00dfig, um auf dem Laufenden zu bleiben.<\/p>\n<h3>8. Kontakt<\/h3>\n<p>Wenn Sie Fragen zu dieser Datenschutzerkl\u00e4rung oder zur Verarbeitung Ihrer Daten haben, wenden Sie sich bitte an:<\/p>\n<p><strong>ATLANTIC WATCH LTD<\/strong><br \/>\nSolothurnstrasse 44, 2543 Lengnau, Schweiz<br \/>\nE-Mail: <a rel=\"noopener\">info@atlantic-watch.ch<\/a><\/p>\n","protected":false},"excerpt":{"rendered":"<p>Datenschutzerkl\u00e4rung ATLANTIC WATCH LTD, Solothurnstrasse 44, 2543 Lengnau, Schweiz (\u201eAtlantic\u201c, \u201ewir\u201c, \u201euns\u201c, \u201eunser\u201c) nimmt den Schutz Ihrer Privatsph\u00e4re und die Sicherheit Ihrer pers\u00f6nlichen Daten sehr ernst. Diese Datenschutzerkl\u00e4rung bildet zusammen mit unseren Nutzungsbedingungen die Grundlage f\u00fcr die Erhebung, Nutzung und den Schutz Ihrer pers\u00f6nlichen Daten, wenn Sie unsere Website (\u201edie Website\u201c) besuchen, und erl\u00e4utert unsere [&hellip;]<\/p>\n","protected":false},"author":9,"featured_media":2176,"parent":0,"menu_order":0,"comment_status":"closed","ping_status":"closed","template":"","meta":{"footnotes":""},"class_list":["post-5216","page","type-page","status-publish","has-post-thumbnail","hentry"],"_links":{"self":[{"href":"https:\/\/atlanticwatches.ch\/de\/wp-json\/wp\/v2\/pages\/5216","targetHints":{"allow":["GET"]}}],"collection":[{"href":"https:\/\/atlanticwatches.ch\/de\/wp-json\/wp\/v2\/pages"}],"about":[{"href":"https:\/\/atlanticwatches.ch\/de\/wp-json\/wp\/v2\/types\/page"}],"author":[{"embeddable":true,"href":"https:\/\/atlanticwatches.ch\/de\/wp-json\/wp\/v2\/users\/9"}],"replies":[{"embeddable":true,"href":"https:\/\/atlanticwatches.ch\/de\/wp-json\/wp\/v2\/comments?post=5216"}],"version-history":[{"count":0,"href":"https:\/\/atlanticwatches.ch\/de\/wp-json\/wp\/v2\/pages\/5216\/revisions"}],"wp:featuredmedia":[{"embeddable":true,"href":"https:\/\/atlanticwatches.ch\/de\/wp-json\/wp\/v2\/media\/2176"}],"wp:attachment":[{"href":"https:\/\/atlanticwatches.ch\/de\/wp-json\/wp\/v2\/media?parent=5216"}],"curies":[{"name":"wp","href":"https:\/\/api.w.org\/{rel}","templated":true}]}}