{"id":2327,"date":"2020-10-04T14:19:26","date_gmt":"2020-10-04T12:19:26","guid":{"rendered":"https:\/\/atlanticwatches.ch\/atlantic-geschichte\/"},"modified":"2024-11-14T11:22:05","modified_gmt":"2024-11-14T10:22:05","slug":"atlantic-geschichte","status":"publish","type":"page","link":"https:\/\/atlanticwatches.ch\/de\/atlantic-geschichte\/","title":{"rendered":"Atlantic Geschichte"},"content":{"rendered":"<div class=\"wpb-content-wrapper\"><p>[vc_row][vc_column][vc_single_image image=&#8220;1712&#8243; img_size=&#8220;full&#8220; alignment=&#8220;center&#8220; css=&#8220;&#8220; css_params=&#8220;&#8220;][vc_column_text css=&#8220;&#8220; css_params=&#8220;&#8220;]<\/p>\n<h3>Geschichte und Tradition von Atlantic Watches<\/h3>\n<p>Das Unternehmen Atlantic wurde 1888 in Bettlach, einem Dorf in der N\u00e4he von Grenchen in der Schweiz, gegr\u00fcndet. Der Gr\u00fcnder war Eduard Kummer, geboren am 26. M\u00e4rz 1845. Er war einer der Begr\u00fcnder der Schweizer Uhrmacherkunst. W\u00e4hrend seiner langj\u00e4hrigen Lehr- und Weiterbildungszeit im Schweizer Jura verfeinerte er seine F\u00e4higkeiten als Uhrmacher st\u00e4ndig. Als qualifizierter Meister der Uhrmacherkunst kehrte er in seine Heimatstadt zur\u00fcck. Die B\u00fcrger von Bettlach erkannten Kummers unternehmerische Ambitionen und unterst\u00fctzten die Gr\u00fcndung der Industrie, die bald zum Herzst\u00fcck der Schweizer Uhrenindustrie wurde. Die Vision, ein hochwertiges Uhrenunternehmen zu gr\u00fcnden, wurde wahr. 1888 arbeiteten 15 bis 20 Mitarbeiter in der ersten Werkstatt. In den folgenden Jahren entwickelte sich die Fabrik stetig weiter und erreichte noch vor Ende des 19. Jahrhunderts 720 Mitarbeiter.<\/p>\n<p>Obwohl Eduard Kummer als sehr traditionell galt, glaubte er fest an die Entwicklung der Uhrenindustrie. Zu dieser Zeit betrug die Arbeitszeit 6 Tage und 11 Stunden pro Tag. Es gab weder bezahlten Urlaub noch einen Lohnzuschlag. Die Einf\u00fchrung von 6 Tagen bezahltem Urlaub pro Jahr bei EKB im Jahr 1937 war ein sozialer Durchbruch.<\/p>\n<p>Das Unternehmen hie\u00df urspr\u00fcnglich EKB (kurz f\u00fcr Eduard Kummer Bettlach). Zun\u00e4chst stellte das Unternehmen Teile f\u00fcr renommierte Uhrenhersteller wie Longines, Certina und viele andere her. Die ersten Uhren unter dem Namen \u201eAtlantic\u201c mit einem Sextanten als Logo wurden 1932 auf den Markt gebracht, darunter einer der ersten wasserdichten Chronographen. Die Erfindung des \u201eSpeed Switch\u201c im Jahr 1960 setzte einen Meilenstein in der Geschichte der Uhrmacherkunst. Die Innovation erm\u00f6glichte es, das Datum 52-mal schneller als zuvor umzuschalten. Durch den Verkauf dieser Innovation an andere Uhrenhersteller stellte Atlantic seine F\u00e4higkeiten als Uhrenhersteller unter Beweis.<\/p>\n<p>Die Flaggschiffmodelle von Atlantic stammen aus der \u201eWorldmaster\u201c-Familie. Mit diesem Modell erlangte das Unternehmen einen hohen Bekanntheitsgrad und die Modelle gelten bis heute als Erkennungszeichen der Marke. Die traditionelle \u201eWorldmaster\u201c wird jedoch st\u00e4ndig aktualisiert, um zeitlos zu bleiben.<\/p>\n<p>Fr\u00fcher richteten sich die Atlantic-Uhren an starke Pers\u00f6nlichkeiten, die stets ihre Ziele verfolgten und in einem hohen Preissegment vertreten waren. Heute verf\u00fcgt Atlantic \u00fcber ein breites Sortiment an Uhren, die sich durch ihre hohe Qualit\u00e4t auszeichnen und im mittleren Preissegment angesiedelt sind. Neben der zeitlosen \u201eWorldmaster\u201c bietet Atlantic eine gro\u00dfe Auswahl an sportlichen, klassischen und eleganten Uhren. Was die traditionellen Modelle jedoch auszeichnet, ist ihr einzigartiger und spezifischer Atlantic-Look.<\/p>\n<h4>Zeitachse der Unternehmensgeschichte<\/h4>\n<ul>\n<li><b>1888<\/b>: Eduard Kummer gr\u00fcndet in Bettlach die Firma EKB, die Teile f\u00fcr Taschenuhren herstellt<\/li>\n<li><b>1925<\/b>: EKB beginnt in Zusammenarbeit mit der Asuag-Gruppe mit der Produktion von Armbanduhrenteilen<\/li>\n<li><b>1928<\/b>: EKB startet die Produktion verschiedener Armbanduhren der Marken Ariston, Aristex und Opus<\/li>\n<li><b>1930<\/b>: EKB wird eine der ersten Fabriken, die wasserdichte Armbanduhren herstellen und unter dem Namen \u201eAtlantic\u201c verkaufen<\/li>\n<li><b>1950<\/b>: Er\u00f6ffnung des ersten Gesch\u00e4fts in Polen und weiterer Gesch\u00e4fte in Osteuropa<\/li>\n<li><b>1953<\/b>: \u00c4nderung des Firmennamens von EKB in Atlantic Watch Ltd.<\/li>\n<li><b>1958<\/b>: Erfolgreiche Einf\u00fchrung von Atlantic in S\u00fcdamerika und im Nahen Osten<\/li>\n<li><b>1960<\/b>: Einf\u00fchrung wichtiger Innovationen wie des \u201eSpeed Switch\u201c, der in Atlantic-Uhren verwendet und an andere Hersteller verkauft wird<\/li>\n<li><b>1965<\/b>: Polen wird zum Schl\u00fcsselmarkt und Osteuropa zur Hauptregion f\u00fcr Atlantic<\/li>\n<li><b>1970<\/b>: Das legend\u00e4re Beachboy-Modell wird geboren<\/li>\n<li><b>1988<\/b>: Atlantic feiert sein 100-j\u00e4hriges Jubil\u00e4um<\/li>\n<li><b>2013<\/b>: Atlantic feiert sein 125-j\u00e4hriges Jubil\u00e4um mit verschiedenen limitierten Kollektionen<\/li>\n<li><b>2015<\/b>: Einf\u00fchrung der Worldmaster Lusso Open Heart Limited Edition. Zum ersten Mal in der Geschichte von Atlantic ist die mechanische Version mit einem Manufakturwerk ausgestattet<\/li>\n<li><b>2016<\/b>: Pr\u00e4sentation der neuen \u201eSuper de Luxe\u201c-Retro-\/Vintage-Familie<\/li>\n<li><b>2018<\/b>: Atlantic feiert sein 130-j\u00e4hriges Jubil\u00e4um mit zwei limitierten Auflagen: der Worldmaster 1888 \u2013 130 Jahre mit automatischen und mechanischen Uhrwerken<\/li>\n<li><b>2019:<\/b> Einf\u00fchrung des \u201eMoonphase\u201c-Automatik-Chronographen und der Seaflight Skeleton in limitierter Auflage<\/li>\n<li><b>2020:<\/b> Atlantic l\u00e4sst das \u201eBeachboy\u201c-Design der 70er Jahre in einer Sonderedition wieder aufleben<\/li>\n<li><b>2021:<\/b> Atlantic bringt die \u201eTimeroy\u201c-Kollektion im Retro-Vintage-Design der 70er Jahre neu auf den Markt<\/li>\n<li><b>2021\/22:<\/b> Einf\u00fchrung neuer limitierter Modelle, darunter Seagold- und Fliegeruhren<\/li>\n<li><b>2022:<\/b> Die neuen mechanischen Manufakturkaliber ATL-1 und ATL-2 werden eingef\u00fchrt<\/li>\n<li><b>2023: <\/b>Atlantic feiert das 135-j\u00e4hrige Jubil\u00e4um mit dem neuen Manufakturkaliber ATL-3 und mehreren Uhren in limitierter Auflage, darunter eine \u201eKrzysztof Ho\u0142owczyc\u201c Valjoux, die weltweit auf 277 St\u00fcck limitiert ist.<\/li>\n<\/ul>\n<hr \/>\n<p><center><img loading=\"lazy\" decoding=\"async\" class=\"alignleft wp-image-462 size-full\" src=\"https:\/\/atlanticwatches.ch\/wp-content\/uploads\/2020\/10\/Atlantic_History_RegisterEintrag.jpg\" alt=\"\" width=\"630\" height=\"898\" srcset=\"https:\/\/atlanticwatches.ch\/wp-content\/uploads\/2020\/10\/Atlantic_History_RegisterEintrag.jpg 630w, https:\/\/atlanticwatches.ch\/wp-content\/uploads\/2020\/10\/Atlantic_History_RegisterEintrag-600x855.jpg 600w, https:\/\/atlanticwatches.ch\/wp-content\/uploads\/2020\/10\/Atlantic_History_RegisterEintrag-400x570.jpg 400w\" sizes=\"auto, (max-width: 630px) 100vw, 630px\" \/><img loading=\"lazy\" decoding=\"async\" class=\"alignleft wp-image-463\" src=\"https:\/\/atlanticwatches.ch\/wp-content\/uploads\/2020\/10\/Atlantic_History_Werbung02-230x300.jpg\" alt=\"\" width=\"350\" height=\"457\" \/><img loading=\"lazy\" decoding=\"async\" class=\"alignleft wp-image-464\" src=\"https:\/\/atlanticwatches.ch\/wp-content\/uploads\/2020\/10\/Atlantic_History_Werbung01-233x300.jpg\" alt=\"\" width=\"350\" height=\"451\" \/><center><\/center><\/center>[\/vc_column_text][\/vc_column][\/vc_row][vc_row][vc_column][vc_column_text]<iframe style=\"border: none; width: 100%; height: 800px;\" src=\"\/\/e.issuu.com\/embed.html?d=the_history_of_a_famous_brand&amp;hideIssuuLogo=true&amp;hideShareButton=true&amp;u=atlanticwatch\" allowfullscreen=\"allowfullscreen\"><\/iframe>[\/vc_column_text][\/vc_column][\/vc_row]<\/p>\n<\/div>","protected":false},"excerpt":{"rendered":"<p>[vc_row][vc_column][vc_single_image image=&#8220;1712&#8243; img_size=&#8220;full&#8220; alignment=&#8220;center&#8220; css=&#8220;&#8220; css_params=&#8220;&#8220;][vc_column_text css=&#8220;&#8220; css_params=&#8220;&#8220;] Geschichte und Tradition von Atlantic Watches Das Unternehmen Atlantic wurde 1888 in Bettlach, einem Dorf in der N\u00e4he von Grenchen in der Schweiz, gegr\u00fcndet. Der Gr\u00fcnder war Eduard Kummer, geboren am 26. M\u00e4rz 1845. Er war einer der Begr\u00fcnder der Schweizer Uhrmacherkunst. W\u00e4hrend seiner langj\u00e4hrigen Lehr- und [&hellip;]<\/p>\n","protected":false},"author":9,"featured_media":0,"parent":0,"menu_order":0,"comment_status":"closed","ping_status":"closed","template":"","meta":{"footnotes":""},"class_list":["post-2327","page","type-page","status-publish","hentry"],"_links":{"self":[{"href":"https:\/\/atlanticwatches.ch\/de\/wp-json\/wp\/v2\/pages\/2327","targetHints":{"allow":["GET"]}}],"collection":[{"href":"https:\/\/atlanticwatches.ch\/de\/wp-json\/wp\/v2\/pages"}],"about":[{"href":"https:\/\/atlanticwatches.ch\/de\/wp-json\/wp\/v2\/types\/page"}],"author":[{"embeddable":true,"href":"https:\/\/atlanticwatches.ch\/de\/wp-json\/wp\/v2\/users\/9"}],"replies":[{"embeddable":true,"href":"https:\/\/atlanticwatches.ch\/de\/wp-json\/wp\/v2\/comments?post=2327"}],"version-history":[{"count":0,"href":"https:\/\/atlanticwatches.ch\/de\/wp-json\/wp\/v2\/pages\/2327\/revisions"}],"wp:attachment":[{"href":"https:\/\/atlanticwatches.ch\/de\/wp-json\/wp\/v2\/media?parent=2327"}],"curies":[{"name":"wp","href":"https:\/\/api.w.org\/{rel}","templated":true}]}}